{"id":2839,"date":"2024-01-09T03:12:07","date_gmt":"2024-01-09T03:12:07","guid":{"rendered":"https:\/\/prueba.volandorentcar.com\/?page_id=2839"},"modified":"2026-04-18T03:55:36","modified_gmt":"2026-04-18T03:55:36","slug":"terms-and-conditions","status":"publish","type":"page","link":"https:\/\/prueba.volandorentcar.com\/en\/terms-and-conditions\/","title":{"rendered":"TERMS AND CONDITIONS"},"content":{"rendered":"<div data-elementor-type=\"wp-page\" data-elementor-id=\"2839\" class=\"elementor elementor-2839\" data-elementor-post-type=\"page\">\n\t\t\t\t<div class=\"elementor-element elementor-element-6f4e2d73 e-flex e-con-boxed e-con e-parent\" data-id=\"6f4e2d73\" data-element_type=\"container\" data-e-type=\"container\" id=\"about-custom-second-landing\" data-settings=\"{&quot;background_background&quot;:&quot;classic&quot;}\">\n\t\t\t\t\t<div class=\"e-con-inner\">\n\t\t<div class=\"elementor-element elementor-element-16b82e8f e-flex e-con-boxed e-con e-child\" data-id=\"16b82e8f\" data-element_type=\"container\" data-e-type=\"container\">\n\t\t\t\t\t<div class=\"e-con-inner\">\n\t\t<div class=\"elementor-element elementor-element-d2a4cb0 e-con-full e-flex e-con e-child\" data-id=\"d2a4cb0\" data-element_type=\"container\" data-e-type=\"container\">\n\t\t\t\t<div class=\"elementor-element elementor-element-cf09aea elementor-widget elementor-widget-image\" data-id=\"cf09aea\" data-element_type=\"widget\" data-e-type=\"widget\" data-widget_type=\"image.default\">\n\t\t\t\t<div class=\"elementor-widget-container\">\n\t\t\t\t\t\t\t\t\t\t\t\t\t\t\t<img decoding=\"async\" width=\"83\" height=\"41\" src=\"https:\/\/prueba.volandorentcar.com\/wp-content\/uploads\/2024\/06\/car-yellow-1.webp\" class=\"attachment-large size-large wp-image-5368\" alt=\"\" srcset=\"https:\/\/prueba.volandorentcar.com\/wp-content\/uploads\/2024\/06\/car-yellow-1.webp 83w, https:\/\/prueba.volandorentcar.com\/wp-content\/uploads\/2024\/06\/car-yellow-1-18x9.webp 18w, https:\/\/prueba.volandorentcar.com\/wp-content\/uploads\/2024\/06\/car-yellow-1-20x10.webp 20w\" sizes=\"(max-width: 83px) 100vw, 83px\" \/>\t\t\t\t\t\t\t\t\t\t\t\t\t\t\t<\/div>\n\t\t\t\t<\/div>\n\t\t<div class=\"elementor-element elementor-element-6f56b602 e-flex e-con-boxed e-con e-child\" data-id=\"6f56b602\" data-element_type=\"container\" data-e-type=\"container\">\n\t\t\t\t\t<div class=\"e-con-inner\">\n\t\t\t\t<div class=\"elementor-element elementor-element-768888e1 elementor-widget elementor-widget-text-editor\" data-id=\"768888e1\" data-element_type=\"widget\" data-e-type=\"widget\" data-widget_type=\"text-editor.default\">\n\t\t\t\t<div class=\"elementor-widget-container\">\n\t\t\t\t\t\t\t\t\t<p class=\"title-1-box\">CONDICIONES<\/p>\t\t\t\t\t\t\t\t<\/div>\n\t\t\t\t<\/div>\n\t\t\t\t<div class=\"elementor-element elementor-element-5ff925c0 elementor-widget-divider--view-line elementor-widget elementor-widget-divider\" data-id=\"5ff925c0\" data-element_type=\"widget\" data-e-type=\"widget\" data-widget_type=\"divider.default\">\n\t\t\t\t<div class=\"elementor-widget-container\">\n\t\t\t\t\t\t\t<div class=\"elementor-divider\">\n\t\t\t<span class=\"elementor-divider-separator\">\n\t\t\t\t\t\t<\/span>\n\t\t<\/div>\n\t\t\t\t\t\t<\/div>\n\t\t\t\t<\/div>\n\t\t\t\t\t<\/div>\n\t\t\t\t<\/div>\n\t\t\t\t<\/div>\n\t\t\t\t<div class=\"elementor-element elementor-element-29a43397 elementor-widget__width-initial elementor-widget elementor-widget-heading\" data-id=\"29a43397\" data-element_type=\"widget\" data-e-type=\"widget\" data-widget_type=\"heading.default\">\n\t\t\t\t<div class=\"elementor-widget-container\">\n\t\t\t\t\t<h2 class=\"elementor-heading-title elementor-size-default\">T &amp; CONDICIONES<\/h2>\t\t\t\t<\/div>\n\t\t\t\t<\/div>\n\t\t\t\t\t<\/div>\n\t\t\t\t<\/div>\n\t\t\t\t\t<\/div>\n\t\t\t\t<\/div>\n\t\t<div class=\"elementor-element elementor-element-4a7118f8 e-flex e-con-boxed e-con e-parent\" data-id=\"4a7118f8\" data-element_type=\"container\" data-e-type=\"container\">\n\t\t\t\t\t<div class=\"e-con-inner\">\n\t\t<div class=\"elementor-element elementor-element-602be175 e-flex e-con-boxed e-con e-child\" data-id=\"602be175\" data-element_type=\"container\" data-e-type=\"container\">\n\t\t\t\t\t<div class=\"e-con-inner\">\n\t\t<div class=\"elementor-element elementor-element-73b51df1 e-flex e-con-boxed e-con e-child\" data-id=\"73b51df1\" data-element_type=\"container\" data-e-type=\"container\">\n\t\t\t\t\t<div class=\"e-con-inner\">\n\t\t<div class=\"elementor-element elementor-element-8f14c93 e-con-full e-flex e-con e-child\" data-id=\"8f14c93\" data-element_type=\"container\" data-e-type=\"container\">\n\t\t\t\t<div class=\"elementor-element elementor-element-cb9e88a elementor-widget elementor-widget-image\" data-id=\"cb9e88a\" data-element_type=\"widget\" data-e-type=\"widget\" data-widget_type=\"image.default\">\n\t\t\t\t<div class=\"elementor-widget-container\">\n\t\t\t\t\t\t\t\t\t\t\t\t\t\t\t<img decoding=\"async\" width=\"83\" height=\"41\" src=\"https:\/\/prueba.volandorentcar.com\/wp-content\/uploads\/2024\/06\/car-yellow-1.webp\" class=\"attachment-large size-large wp-image-5368\" alt=\"\" srcset=\"https:\/\/prueba.volandorentcar.com\/wp-content\/uploads\/2024\/06\/car-yellow-1.webp 83w, https:\/\/prueba.volandorentcar.com\/wp-content\/uploads\/2024\/06\/car-yellow-1-18x9.webp 18w, https:\/\/prueba.volandorentcar.com\/wp-content\/uploads\/2024\/06\/car-yellow-1-20x10.webp 20w\" sizes=\"(max-width: 83px) 100vw, 83px\" \/>\t\t\t\t\t\t\t\t\t\t\t\t\t\t\t<\/div>\n\t\t\t\t<\/div>\n\t\t<div class=\"elementor-element elementor-element-5a4d99fd e-flex e-con-boxed e-con e-child\" data-id=\"5a4d99fd\" data-element_type=\"container\" data-e-type=\"container\">\n\t\t\t\t\t<div class=\"e-con-inner\">\n\t\t\t\t<div class=\"elementor-element elementor-element-232b7128 elementor-widget elementor-widget-text-editor\" data-id=\"232b7128\" data-element_type=\"widget\" data-e-type=\"widget\" data-widget_type=\"text-editor.default\">\n\t\t\t\t<div class=\"elementor-widget-container\">\n\t\t\t\t\t\t\t\t\t<p class=\"title-1-box\">CONDICIONES<\/p>\t\t\t\t\t\t\t\t<\/div>\n\t\t\t\t<\/div>\n\t\t\t\t<div class=\"elementor-element elementor-element-3d34b057 elementor-widget-divider--view-line elementor-widget elementor-widget-divider\" data-id=\"3d34b057\" data-element_type=\"widget\" data-e-type=\"widget\" data-widget_type=\"divider.default\">\n\t\t\t\t<div class=\"elementor-widget-container\">\n\t\t\t\t\t\t\t<div class=\"elementor-divider\">\n\t\t\t<span class=\"elementor-divider-separator\">\n\t\t\t\t\t\t<\/span>\n\t\t<\/div>\n\t\t\t\t\t\t<\/div>\n\t\t\t\t<\/div>\n\t\t\t\t\t<\/div>\n\t\t\t\t<\/div>\n\t\t\t\t<\/div>\n\t\t\t\t<div class=\"elementor-element elementor-element-47499226 elementor-widget__width-initial elementor-widget elementor-widget-heading\" data-id=\"47499226\" data-element_type=\"widget\" data-e-type=\"widget\" data-widget_type=\"heading.default\">\n\t\t\t\t<div class=\"elementor-widget-container\">\n\t\t\t\t\t<h2 class=\"elementor-heading-title elementor-size-default\">T &amp; CONDICIONES\n<\/h2>\t\t\t\t<\/div>\n\t\t\t\t<\/div>\n\t\t\t\t<div class=\"elementor-element elementor-element-4e9db328 elementor-widget elementor-widget-text-editor\" data-id=\"4e9db328\" data-element_type=\"widget\" data-e-type=\"widget\" data-widget_type=\"text-editor.default\">\n\t\t\t\t<div class=\"elementor-widget-container\">\n\t\t\t\t\t\t\t\t\t<p><strong>volandorentcar.com<\/strong>\u00a0alquila el veh\u00edculo sujeto a los t\u00e9rminos y condiciones establecidos en este contrato. Se considera que el arrendatario ha sido informado del contenido. Es nuestra intenci\u00f3n que todos los t\u00e9rminos est\u00e9n recogidos aqu\u00ed. Por favor, l\u00e9alo detenidamente y si no entiende o no est\u00e1 de acuerdo con alg\u00fan punto, inf\u00f3rmenos antes de aceptarlo.<\/p>\t\t\t\t\t\t\t\t<\/div>\n\t\t\t\t<\/div>\n\t\t\t\t<div class=\"elementor-element elementor-element-75cba10c elementor-widget elementor-widget-heading\" data-id=\"75cba10c\" data-element_type=\"widget\" data-e-type=\"widget\" data-widget_type=\"heading.default\">\n\t\t\t\t<div class=\"elementor-widget-container\">\n\t\t\t\t\t<h3 class=\"elementor-heading-title elementor-size-default\">Entrega y Devoluci\u00f3n\n<\/h3>\t\t\t\t<\/div>\n\t\t\t\t<\/div>\n\t\t\t\t\t<\/div>\n\t\t\t\t<\/div>\n\t\t\t\t<div class=\"elementor-element elementor-element-63adadbb elementor-widget elementor-widget-text-editor\" data-id=\"63adadbb\" data-element_type=\"widget\" data-e-type=\"widget\" data-widget_type=\"text-editor.default\">\n\t\t\t\t<div class=\"elementor-widget-container\">\n\t\t\t\t\t\t\t\t\t<p><strong>volandorentcar.com<\/strong>\u00a0entrega el veh\u00edculo en buenas condiciones generales y en funcionamiento, sin defectos aparentes. Usted se compromete a devolverlo en las mismas condiciones, con todos los documentos, piezas y accesorios en su lugar, en la fecha y hora indicadas en este contrato. Cualquier alteraci\u00f3n debe ser previamente autorizada por volandorentcar.com.<\/p>\t\t\t\t\t\t\t\t<\/div>\n\t\t\t\t<\/div>\n\t\t\t\t<div class=\"elementor-element elementor-element-448c32bc elementor-widget elementor-widget-text-editor\" data-id=\"448c32bc\" data-element_type=\"widget\" data-e-type=\"widget\" data-widget_type=\"text-editor.default\">\n\t\t\t\t<div class=\"elementor-widget-container\">\n\t\t\t\t\t\t\t\t\t<p><strong>volandorentcar.com<\/strong>\u00a0podr\u00e1 recuperar el veh\u00edculo en cualquier momento sin previo aviso y a su cargo si el veh\u00edculo se utiliza en incumplimiento de las disposiciones de este contrato.<\/p>\t\t\t\t\t\t\t\t<\/div>\n\t\t\t\t<\/div>\n\t\t\t\t<div class=\"elementor-element elementor-element-2881641 elementor-widget elementor-widget-text-editor\" data-id=\"2881641\" data-element_type=\"widget\" data-e-type=\"widget\" data-widget_type=\"text-editor.default\">\n\t\t\t\t<div class=\"elementor-widget-container\">\n\t\t\t\t\t\t\t\t\t<p>Nos reservamos el derecho de cancelar la entrega del veh\u00edculo debido a antecedentes de impago o incidentes graves con volandorentcar.com.<\/p>\t\t\t\t\t\t\t\t<\/div>\n\t\t\t\t<\/div>\n\t\t\t\t<div class=\"elementor-element elementor-element-442d462b elementor-widget elementor-widget-heading\" data-id=\"442d462b\" data-element_type=\"widget\" data-e-type=\"widget\" data-widget_type=\"heading.default\">\n\t\t\t\t<div class=\"elementor-widget-container\">\n\t\t\t\t\t<h3 class=\"elementor-heading-title elementor-size-default\">Uso del Veh\u00edculo<\/h3>\t\t\t\t<\/div>\n\t\t\t\t<\/div>\n\t\t\t\t<div class=\"elementor-element elementor-element-425c75e7 elementor-widget elementor-widget-text-editor\" data-id=\"425c75e7\" data-element_type=\"widget\" data-e-type=\"widget\" data-widget_type=\"text-editor.default\">\n\t\t\t\t<div class=\"elementor-widget-container\">\n\t\t\t\t\t\t\t\t\t<p>El arrendatario se compromete a utilizar el veh\u00edculo conforme a las normas del c\u00f3digo de circulaci\u00f3n. Adem\u00e1s, debe mantenerlo en buen estado, asegurarse de que permanezca cerrado cuando no est\u00e9 en uso, utilizar el combustible correcto y activar los mecanismos de seguridad instalados si es necesario. Est\u00e1 expresamente prohibido y, por lo tanto, se considera incumplimiento de contrato:<\/p>\t\t\t\t\t\t\t\t<\/div>\n\t\t\t\t<\/div>\n\t\t\t\t<div class=\"elementor-element elementor-element-26ee441 elementor-widget elementor-widget-text-editor\" data-id=\"26ee441\" data-element_type=\"widget\" data-e-type=\"widget\" data-widget_type=\"text-editor.default\">\n\t\t\t\t<div class=\"elementor-widget-container\">\n\t\t\t\t\t\t\t\t\t<p>(a) Subarrendar el veh\u00edculo.<\/p><p>(b) Transportar mercanc\u00edas.<\/p><p>(c) Empujar o remolcar cualquier veh\u00edculo, remolque u objeto.<\/p><p>(d) Participar en carreras, rallyes, pruebas u otras competencias similares.<\/p><p>(e) Conducir bajo la influencia de alcohol, drogas o cualquier otra sustancia que afecte la conciencia o capacidad de reacci\u00f3n.<\/p><p>(f) Cometer cualquier tipo de delito contra la seguridad vial.<\/p><p>(g) Conducir el veh\u00edculo por personas no autorizadas en el contrato. En tales casos, usted tambi\u00e9n es responsable del veh\u00edculo de acuerdo con este contrato.<\/p><p>(h) No cumplir con los requisitos m\u00ednimos estipulados en nuestra lista de tarifas vigentes en cuanto a edad (m\u00ednimo 20 a\u00f1os) y posesi\u00f3n de una licencia de conducir v\u00e1lida y original (m\u00ednimo 2 a\u00f1os).<\/p><p>(k) Conducir en \u00e1reas restringidas: pistas de aeropuertos y \u00e1reas asociadas, caminos no aptos para circular (carreteras p\u00fablicas, garajes o estacionamientos y \u00e1reas privadas no destinadas a uso industrial o agr\u00edcola). \u00c1reas prohibidas o peligrosas (playas, ca\u00f1ones, monta\u00f1as, etc.), caminos no pavimentados u otros que puedan da\u00f1ar los neum\u00e1ticos o la parte inferior del veh\u00edculo.<\/p>\t\t\t\t\t\t\t\t<\/div>\n\t\t\t\t<\/div>\n\t\t\t\t<div class=\"elementor-element elementor-element-f49d18a elementor-widget elementor-widget-text-editor\" data-id=\"f49d18a\" data-element_type=\"widget\" data-e-type=\"widget\" data-widget_type=\"text-editor.default\">\n\t\t\t\t<div class=\"elementor-widget-container\">\n\t\t\t\t\t\t\t\t\t<p>Multas, sanciones, servicio de gr\u00faa y gastos de gesti\u00f3n como la inmovilizaci\u00f3n del veh\u00edculo por infracciones de tr\u00e1fico o violaciones de leyes, reglamentos u ordenanzas, as\u00ed como rotura de ruedas, neum\u00e1ticos y gasolina, son responsabilidad del arrendatario.<\/p>\t\t\t\t\t\t\t\t<\/div>\n\t\t\t\t<\/div>\n\t\t\t\t<div class=\"elementor-element elementor-element-d339921 elementor-widget elementor-widget-heading\" data-id=\"d339921\" data-element_type=\"widget\" data-e-type=\"widget\" data-widget_type=\"heading.default\">\n\t\t\t\t<div class=\"elementor-widget-container\">\n\t\t\t\t\t<h3 class=\"elementor-heading-title elementor-size-default\">Cargos por Alquiler<\/h3>\t\t\t\t<\/div>\n\t\t\t\t<\/div>\n\t\t\t\t<div class=\"elementor-element elementor-element-a16fb03 elementor-widget elementor-widget-text-editor\" data-id=\"a16fb03\" data-element_type=\"widget\" data-e-type=\"widget\" data-widget_type=\"text-editor.default\">\n\t\t\t\t<div class=\"elementor-widget-container\">\n\t\t\t\t\t\t\t\t\t<p>El arrendatario acepta pagar el precio del alquiler seg\u00fan la tarifa vigente, impuestos, seguro (especificado en el punto 4), retraso en la devoluci\u00f3n del veh\u00edculo (a partir de los 59 minutos despu\u00e9s del tiempo programado), combustible consumido, repostaje y cargos adicionales como:<\/p>\t\t\t\t\t\t\t\t<\/div>\n\t\t\t\t<\/div>\n\t\t\t\t<div class=\"elementor-element elementor-element-7d2d537 elementor-widget elementor-widget-text-editor\" data-id=\"7d2d537\" data-element_type=\"widget\" data-e-type=\"widget\" data-widget_type=\"text-editor.default\">\n\t\t\t\t<div class=\"elementor-widget-container\">\n\t\t\t\t\t\t\t\t\t<ul><li>Entrega en el aeropuerto (tarifa correspondiente).<\/li><li>P\u00e9rdida de accesorios adicionales y documentos (tarifa correspondiente).<\/li><li>Entrega en aparcamientos privados (tarifa correspondiente).<\/li><li>Reemplazo de llaves (tarifa correspondiente).<\/li><li>Limpieza del veh\u00edculo debido a suciedad excesiva (tarifa correspondiente).<\/li><\/ul>\t\t\t\t\t\t\t\t<\/div>\n\t\t\t\t<\/div>\n\t\t\t\t<div class=\"elementor-element elementor-element-4132c45 elementor-widget elementor-widget-heading\" data-id=\"4132c45\" data-element_type=\"widget\" data-e-type=\"widget\" data-widget_type=\"heading.default\">\n\t\t\t\t<div class=\"elementor-widget-container\">\n\t\t\t\t\t<h3 class=\"elementor-heading-title elementor-size-default\">Accidentes\n<\/h3>\t\t\t\t<\/div>\n\t\t\t\t<\/div>\n\t\t\t\t<div class=\"elementor-element elementor-element-149d6b2 elementor-widget elementor-widget-text-editor\" data-id=\"149d6b2\" data-element_type=\"widget\" data-e-type=\"widget\" data-widget_type=\"text-editor.default\">\n\t\t\t\t<div class=\"elementor-widget-container\">\n\t\t\t\t\t\t\t\t\t<p>El arrendatario debe tomar las siguientes medidas en caso de accidente:<\/p>\t\t\t\t\t\t\t\t<\/div>\n\t\t\t\t<\/div>\n\t\t\t\t<div class=\"elementor-element elementor-element-1ef1655 elementor-widget elementor-widget-text-editor\" data-id=\"1ef1655\" data-element_type=\"widget\" data-e-type=\"widget\" data-widget_type=\"text-editor.default\">\n\t\t\t\t<div class=\"elementor-widget-container\">\n\t\t\t\t\t\t\t\t\t<p>a) Obligaci\u00f3n de notificar inmediatamente cualquier accidente de tr\u00e1fico, p\u00e9rdida, da\u00f1o o robo a Volando Rent a Car S.R.L y a la polic\u00eda.<\/p><p>b) No reconocer ni prejuzgar la responsabilidad del incidente.<\/p><p>c) Obtener informaci\u00f3n completa de la otra parte y enviarla a volandorentcar.com. El arrendatario est\u00e1 obligado a cooperar con nosotros y nuestra compa\u00f1\u00eda de seguros en cualquier investigaci\u00f3n o procedimiento legal posterior. El incumplimiento de esta solicitud resultar\u00e1 en la anulaci\u00f3n de todas las coberturas aceptadas y pagadas.<\/p>\t\t\t\t\t\t\t\t<\/div>\n\t\t\t\t<\/div>\n\t\t\t\t<div class=\"elementor-element elementor-element-885fb70 elementor-widget elementor-widget-heading\" data-id=\"885fb70\" data-element_type=\"widget\" data-e-type=\"widget\" data-widget_type=\"heading.default\">\n\t\t\t\t<div class=\"elementor-widget-container\">\n\t\t\t\t\t<h3 class=\"elementor-heading-title elementor-size-default\">Reparaciones<\/h3>\t\t\t\t<\/div>\n\t\t\t\t<\/div>\n\t\t\t\t<div class=\"elementor-element elementor-element-08f3b0d elementor-widget elementor-widget-text-editor\" data-id=\"08f3b0d\" data-element_type=\"widget\" data-e-type=\"widget\" data-widget_type=\"text-editor.default\">\n\t\t\t\t<div class=\"elementor-widget-container\">\n\t\t\t\t\t\t\t\t\t<p>El arrendador ser\u00e1 responsable de los gastos incurridos durante el alquiler para engrasado, cambio de aceite, agua y reparaciones menores (excepto pinchazos) hasta un m\u00e1ximo de 10\u20ac. Estos gastos deben justificarse con los recibos o facturas correspondientes. Es imprescindible la autorizaci\u00f3n previa del arrendador para realizar reparaciones o remolcar el veh\u00edculo.<\/p>\t\t\t\t\t\t\t\t<\/div>\n\t\t\t\t<\/div>\n\t\t\t\t<div class=\"elementor-element elementor-element-d37c5e3 elementor-widget elementor-widget-heading\" data-id=\"d37c5e3\" data-element_type=\"widget\" data-e-type=\"widget\" data-widget_type=\"heading.default\">\n\t\t\t\t<div class=\"elementor-widget-container\">\n\t\t\t\t\t<h3 class=\"elementor-heading-title elementor-size-default\">Nuestra responsabilidad<\/h3>\t\t\t\t<\/div>\n\t\t\t\t<\/div>\n\t\t\t\t<div class=\"elementor-element elementor-element-b7edb1c elementor-widget elementor-widget-text-editor\" data-id=\"b7edb1c\" data-element_type=\"widget\" data-e-type=\"widget\" data-widget_type=\"text-editor.default\">\n\t\t\t\t<div class=\"elementor-widget-container\">\n\t\t\t\t\t\t\t\t\t<p>Volando Rent a Car S.R.L declara haber tomado las precauciones necesarias para prevenir fallos mec\u00e1nicos del veh\u00edculo. En caso de que ocurran, nos responsabilizamos por los da\u00f1os sufridos por usted en caso de muerte o lesiones. El arrendador no asume ninguna responsabilidad por los da\u00f1os que puedan causar directa o indirectamente al arrendatario como resultado de fallos fortuitos o aver\u00edas.<\/p>\t\t\t\t\t\t\t\t<\/div>\n\t\t\t\t<\/div>\n\t\t\t\t<div class=\"elementor-element elementor-element-0da24a8 elementor-widget elementor-widget-heading\" data-id=\"0da24a8\" data-element_type=\"widget\" data-e-type=\"widget\" data-widget_type=\"heading.default\">\n\t\t\t\t<div class=\"elementor-widget-container\">\n\t\t\t\t\t<h3 class=\"elementor-heading-title elementor-size-default\">Condiciones<\/h3>\t\t\t\t<\/div>\n\t\t\t\t<\/div>\n\t\t\t\t<div class=\"elementor-element elementor-element-cf54221 elementor-widget elementor-widget-text-editor\" data-id=\"cf54221\" data-element_type=\"widget\" data-e-type=\"widget\" data-widget_type=\"text-editor.default\">\n\t\t\t\t<div class=\"elementor-widget-container\">\n\t\t\t\t\t\t\t\t\t<ul><li>La edad m\u00ednima para alquilar veh\u00edculos es de 20 a\u00f1os y la licencia de conducir debe tener al menos 2 a\u00f1os de antig\u00fcedad.<\/li><li>Kilometraje ilimitado.<\/li><li>Segundo conductor sin cargo adicional.<\/li><li>Entrega en aeropuerto: m\u00ednimo 3 d\u00edas de alquiler.<\/li><\/ul>\t\t\t\t\t\t\t\t<\/div>\n\t\t\t\t<\/div>\n\t\t\t\t<div class=\"elementor-element elementor-element-4cfb49e elementor-widget elementor-widget-heading\" data-id=\"4cfb49e\" data-element_type=\"widget\" data-e-type=\"widget\" data-widget_type=\"heading.default\">\n\t\t\t\t<div class=\"elementor-widget-container\">\n\t\t\t\t\t<h3 class=\"elementor-heading-title elementor-size-default\">Sistemas de Retenci\u00f3n Infantil<\/h3>\t\t\t\t<\/div>\n\t\t\t\t<\/div>\n\t\t\t\t<div class=\"elementor-element elementor-element-1919bf3 elementor-widget elementor-widget-text-editor\" data-id=\"1919bf3\" data-element_type=\"widget\" data-e-type=\"widget\" data-widget_type=\"text-editor.default\">\n\t\t\t\t<div class=\"elementor-widget-container\">\n\t\t\t\t\t\t\t\t\t<p>volandorentcar.com proporcionar\u00e1 asientos para beb\u00e9, elevadores y otros suplementos aprobados a los clientes que lo soliciten. El personal de Volando Rent a Car S.R.L no est\u00e1 autorizado para instalar estos sistemas. Por lo tanto, el arrendatario ser\u00e1 siempre responsable del montaje y sujeci\u00f3n de estos accesorios dentro del veh\u00edculo, as\u00ed como de asegurarse de que las edades de los ni\u00f1os correspondan a cada sistema de retenci\u00f3n infantil. volandorentcar.com queda exento de cualquier responsabilidad por los da\u00f1os y\/o perjuicios que puedan sufrir los usuarios de dichos sistemas.<\/p>\t\t\t\t\t\t\t\t<\/div>\n\t\t\t\t<\/div>\n\t\t\t\t<div class=\"elementor-element elementor-element-d04d38d elementor-widget elementor-widget-heading\" data-id=\"d04d38d\" data-element_type=\"widget\" data-e-type=\"widget\" data-widget_type=\"heading.default\">\n\t\t\t\t<div class=\"elementor-widget-container\">\n\t\t\t\t\t<h3 class=\"elementor-heading-title elementor-size-default\">Datos Personales<\/h3>\t\t\t\t<\/div>\n\t\t\t\t<\/div>\n\t\t\t\t<div class=\"elementor-element elementor-element-b859e4d elementor-widget elementor-widget-text-editor\" data-id=\"b859e4d\" data-element_type=\"widget\" data-e-type=\"widget\" data-widget_type=\"text-editor.default\">\n\t\t\t\t<div class=\"elementor-widget-container\">\n\t\t\t\t\t\t\t\t\t<p>Con respecto a la Protecci\u00f3n de Datos Personales, le informamos que los datos personales que ha proporcionado ser\u00e1n tratados e incluidos autom\u00e1ticamente en nuestros archivos con el \u00fanico fin de llevar a cabo actividades relacionadas con nuestro negocio. volandorentcar.com garantiza la confidencialidad y el uso adecuado de la informaci\u00f3n y adoptar\u00e1 las medidas de seguridad t\u00e9cnicas y organizativas necesarias para garantizarlo.<\/p>\t\t\t\t\t\t\t\t<\/div>\n\t\t\t\t<\/div>\n\t\t\t\t<div class=\"elementor-element elementor-element-ed942f9 elementor-widget elementor-widget-heading\" data-id=\"ed942f9\" data-element_type=\"widget\" data-e-type=\"widget\" data-widget_type=\"heading.default\">\n\t\t\t\t<div class=\"elementor-widget-container\">\n\t\t\t\t\t<h3 class=\"elementor-heading-title elementor-size-default\">\u00bfPreguntas?<\/h3>\t\t\t\t<\/div>\n\t\t\t\t<\/div>\n\t\t\t\t<div class=\"elementor-element elementor-element-508f38b elementor-widget elementor-widget-text-editor\" data-id=\"508f38b\" data-element_type=\"widget\" data-e-type=\"widget\" data-widget_type=\"text-editor.default\">\n\t\t\t\t<div class=\"elementor-widget-container\">\n\t\t\t\t\t\t\t\t\t<div class=\"content\"><p>Si tiene alguna pregunta sobre esta Pol\u00edtica de Privacidad, cont\u00e1ctenos en\u00a0<strong><a href=\"mailto:volandorentcar@gmail.com\">volandorentcar@gmail.com<\/a><\/strong>.<\/p><\/div><p>\u00a0<\/p>\t\t\t\t\t\t\t\t<\/div>\n\t\t\t\t<\/div>\n\t\t\t\t\t<\/div>\n\t\t\t\t<\/div>\n\t\t<div class=\"elementor-element elementor-element-4d2cc81d e-flex e-con-boxed e-con e-child\" data-id=\"4d2cc81d\" data-element_type=\"container\" data-e-type=\"container\">\n\t\t\t\t\t<div class=\"e-con-inner\">\n\t\t\t\t<div class=\"elementor-element elementor-element-e1a561b elementor-widget elementor-widget-image\" data-id=\"e1a561b\" data-element_type=\"widget\" data-e-type=\"widget\" data-widget_type=\"image.default\">\n\t\t\t\t<div class=\"elementor-widget-container\">\n\t\t\t\t\t\t\t\t\t\t\t\t\t\t\t<img fetchpriority=\"high\" decoding=\"async\" width=\"508\" height=\"511\" src=\"https:\/\/prueba.volandorentcar.com\/wp-content\/uploads\/2024\/06\/terms.webp\" class=\"attachment-large size-large wp-image-5389\" alt=\"\" srcset=\"https:\/\/prueba.volandorentcar.com\/wp-content\/uploads\/2024\/06\/terms.webp 508w, https:\/\/prueba.volandorentcar.com\/wp-content\/uploads\/2024\/06\/terms-298x300.webp 298w, https:\/\/prueba.volandorentcar.com\/wp-content\/uploads\/2024\/06\/terms-150x150.webp 150w, https:\/\/prueba.volandorentcar.com\/wp-content\/uploads\/2024\/06\/terms-12x12.webp 12w, https:\/\/prueba.volandorentcar.com\/wp-content\/uploads\/2024\/06\/terms-255x257.webp 255w, https:\/\/prueba.volandorentcar.com\/wp-content\/uploads\/2024\/06\/terms-280x282.webp 280w, https:\/\/prueba.volandorentcar.com\/wp-content\/uploads\/2024\/06\/terms-350x352.webp 350w, https:\/\/prueba.volandorentcar.com\/wp-content\/uploads\/2024\/06\/terms-398x400.webp 398w, https:\/\/prueba.volandorentcar.com\/wp-content\/uploads\/2024\/06\/terms-20x20.webp 20w, https:\/\/prueba.volandorentcar.com\/wp-content\/uploads\/2024\/06\/terms-100x100.webp 100w\" sizes=\"(max-width: 508px) 100vw, 508px\" \/>\t\t\t\t\t\t\t\t\t\t\t\t\t\t\t<\/div>\n\t\t\t\t<\/div>\n\t\t\t\t\t<\/div>\n\t\t\t\t<\/div>\n\t\t\t\t\t<\/div>\n\t\t\t\t<\/div>\n\t\t\t\t<\/div>","protected":false},"excerpt":{"rendered":"<p>CONDICIONES T &amp; CONDICIONES CONDICIONES T &amp; CONDICIONES volandorentcar.com\u00a0alquila el veh\u00edculo sujeto a los t\u00e9rminos y condiciones establecidos en este contrato. Se considera que el arrendatario ha sido informado del contenido. Es nuestra intenci\u00f3n que todos los t\u00e9rminos est\u00e9n recogidos aqu\u00ed. Por favor, l\u00e9alo detenidamente y si no entiende o no est\u00e1 de acuerdo con&#8230;<\/p>","protected":false},"author":1,"featured_media":0,"parent":0,"menu_order":0,"comment_status":"closed","ping_status":"closed","template":"elementor_header_footer","meta":{"_joinchat":[],"footnotes":""},"class_list":["post-2839","page","type-page","status-publish","hentry"],"_links":{"self":[{"href":"https:\/\/prueba.volandorentcar.com\/en\/wp-json\/wp\/v2\/pages\/2839","targetHints":{"allow":["GET"]}}],"collection":[{"href":"https:\/\/prueba.volandorentcar.com\/en\/wp-json\/wp\/v2\/pages"}],"about":[{"href":"https:\/\/prueba.volandorentcar.com\/en\/wp-json\/wp\/v2\/types\/page"}],"author":[{"embeddable":true,"href":"https:\/\/prueba.volandorentcar.com\/en\/wp-json\/wp\/v2\/users\/1"}],"replies":[{"embeddable":true,"href":"https:\/\/prueba.volandorentcar.com\/en\/wp-json\/wp\/v2\/comments?post=2839"}],"version-history":[{"count":6,"href":"https:\/\/prueba.volandorentcar.com\/en\/wp-json\/wp\/v2\/pages\/2839\/revisions"}],"predecessor-version":[{"id":6739,"href":"https:\/\/prueba.volandorentcar.com\/en\/wp-json\/wp\/v2\/pages\/2839\/revisions\/6739"}],"wp:attachment":[{"href":"https:\/\/prueba.volandorentcar.com\/en\/wp-json\/wp\/v2\/media?parent=2839"}],"curies":[{"name":"wp","href":"https:\/\/api.w.org\/{rel}","templated":true}]}}