{"id":4371,"date":"2024-04-05T21:38:09","date_gmt":"2024-04-05T21:38:09","guid":{"rendered":"https:\/\/prueba.volandorentcar.com\/?page_id=4371"},"modified":"2024-07-12T04:29:01","modified_gmt":"2024-07-12T04:29:01","slug":"attractions-in-punta-cana","status":"publish","type":"page","link":"https:\/\/prueba.volandorentcar.com\/es\/atracciones-en-punta-cana\/","title":{"rendered":"Attractions In Punta Cana"},"content":{"rendered":"<div data-elementor-type=\"wp-page\" data-elementor-id=\"4371\" class=\"elementor elementor-4371\" data-elementor-post-type=\"page\">\n\t\t\t\t<div class=\"elementor-element elementor-element-6a59e62d e-flex e-con-boxed e-con e-parent\" data-id=\"6a59e62d\" data-element_type=\"container\" data-e-type=\"container\" id=\"about-custom-second-landing\" data-settings=\"{&quot;background_background&quot;:&quot;classic&quot;}\">\n\t\t\t\t\t<div class=\"e-con-inner\">\n\t\t<div class=\"elementor-element elementor-element-fa43ea1 e-flex e-con-boxed e-con e-child\" data-id=\"fa43ea1\" data-element_type=\"container\" data-e-type=\"container\">\n\t\t\t\t\t<div class=\"e-con-inner\">\n\t\t<div class=\"elementor-element elementor-element-7f122df0 e-con-full e-flex e-con e-child\" data-id=\"7f122df0\" data-element_type=\"container\" data-e-type=\"container\">\n\t\t\t\t<div class=\"elementor-element elementor-element-7f02091b elementor-widget elementor-widget-image\" data-id=\"7f02091b\" data-element_type=\"widget\" data-e-type=\"widget\" data-widget_type=\"image.default\">\n\t\t\t\t<div class=\"elementor-widget-container\">\n\t\t\t\t\t\t\t\t\t\t\t\t\t\t\t<img decoding=\"async\" width=\"83\" height=\"41\" src=\"https:\/\/prueba.volandorentcar.com\/wp-content\/uploads\/2024\/06\/car-yellow-1.webp\" class=\"attachment-large size-large wp-image-5368\" alt=\"\" srcset=\"https:\/\/prueba.volandorentcar.com\/wp-content\/uploads\/2024\/06\/car-yellow-1.webp 83w, https:\/\/prueba.volandorentcar.com\/wp-content\/uploads\/2024\/06\/car-yellow-1-18x9.webp 18w, https:\/\/prueba.volandorentcar.com\/wp-content\/uploads\/2024\/06\/car-yellow-1-20x10.webp 20w\" sizes=\"(max-width: 83px) 100vw, 83px\" \/>\t\t\t\t\t\t\t\t\t\t\t\t\t\t\t<\/div>\n\t\t\t\t<\/div>\n\t\t<div class=\"elementor-element elementor-element-3ffe0a00 e-flex e-con-boxed e-con e-child\" data-id=\"3ffe0a00\" data-element_type=\"container\" data-e-type=\"container\">\n\t\t\t\t\t<div class=\"e-con-inner\">\n\t\t\t\t<div class=\"elementor-element elementor-element-1a050609 elementor-widget elementor-widget-text-editor\" data-id=\"1a050609\" data-element_type=\"widget\" data-e-type=\"widget\" data-widget_type=\"text-editor.default\">\n\t\t\t\t<div class=\"elementor-widget-container\">\n\t\t\t\t\t\t\t\t\t<p>CATEGORIAS<\/p>\t\t\t\t\t\t\t\t<\/div>\n\t\t\t\t<\/div>\n\t\t\t\t<div class=\"elementor-element elementor-element-499a0ed1 elementor-widget-divider--view-line elementor-widget elementor-widget-divider\" data-id=\"499a0ed1\" data-element_type=\"widget\" data-e-type=\"widget\" data-widget_type=\"divider.default\">\n\t\t\t\t<div class=\"elementor-widget-container\">\n\t\t\t\t\t\t\t<div class=\"elementor-divider\">\n\t\t\t<span class=\"elementor-divider-separator\">\n\t\t\t\t\t\t<\/span>\n\t\t<\/div>\n\t\t\t\t\t\t<\/div>\n\t\t\t\t<\/div>\n\t\t\t\t\t<\/div>\n\t\t\t\t<\/div>\n\t\t\t\t<\/div>\n\t\t\t\t<div class=\"elementor-element elementor-element-274e7858 elementor-widget__width-initial elementor-widget elementor-widget-heading\" data-id=\"274e7858\" data-element_type=\"widget\" data-e-type=\"widget\" data-widget_type=\"heading.default\">\n\t\t\t\t<div class=\"elementor-widget-container\">\n\t\t\t\t\t<h1 class=\"elementor-heading-title elementor-size-default\">ATRACCIONES EN PUNTA CANA\n<\/h1>\t\t\t\t<\/div>\n\t\t\t\t<\/div>\n\t\t\t\t\t<\/div>\n\t\t\t\t<\/div>\n\t\t\t\t\t<\/div>\n\t\t\t\t<\/div>\n\t\t<div class=\"elementor-element elementor-element-6f46656f e-flex e-con-boxed e-con e-parent\" data-id=\"6f46656f\" data-element_type=\"container\" data-e-type=\"container\" id=\"blog-custom-css-1\">\n\t\t\t\t\t<div class=\"e-con-inner\">\n\t\t<div class=\"elementor-element elementor-element-445ea354 e-flex e-con-boxed e-con e-child\" data-id=\"445ea354\" data-element_type=\"container\" data-e-type=\"container\" id=\"blog-article-css-1\">\n\t\t\t\t\t<div class=\"e-con-inner\">\n\t\t\t\t<div class=\"elementor-element elementor-element-2c193064 elementor-grid-2 elementor-grid-tablet-2 elementor-grid-mobile-1 elementor-posts--thumbnail-top elementor-card-shadow-yes elementor-posts__hover-gradient elementor-widget elementor-widget-posts\" data-id=\"2c193064\" data-element_type=\"widget\" data-e-type=\"widget\" data-settings=\"{&quot;cards_columns&quot;:&quot;2&quot;,&quot;pagination_type&quot;:&quot;numbers_and_prev_next&quot;,&quot;cards_columns_tablet&quot;:&quot;2&quot;,&quot;cards_columns_mobile&quot;:&quot;1&quot;,&quot;cards_row_gap&quot;:{&quot;unit&quot;:&quot;px&quot;,&quot;size&quot;:35,&quot;sizes&quot;:[]},&quot;cards_row_gap_tablet&quot;:{&quot;unit&quot;:&quot;px&quot;,&quot;size&quot;:&quot;&quot;,&quot;sizes&quot;:[]},&quot;cards_row_gap_mobile&quot;:{&quot;unit&quot;:&quot;px&quot;,&quot;size&quot;:&quot;&quot;,&quot;sizes&quot;:[]}}\" data-widget_type=\"posts.cards\">\n\t\t\t\t<div class=\"elementor-widget-container\">\n\t\t\t\t\t\t\t<div class=\"elementor-posts-container elementor-posts elementor-posts--skin-cards elementor-grid\">\n\t\t\t\t<article class=\"elementor-post elementor-grid-item post-3356 post type-post status-publish format-standard has-post-thumbnail hentry category-attractions-in-punta-cana\">\n\t\t\t<div class=\"elementor-post__card\">\n\t\t\t\t<a class=\"elementor-post__thumbnail__link\" href=\"https:\/\/prueba.volandorentcar.com\/es\/reserva-ecologica-ojos-indigenas\/\" tabindex=\"-1\" ><div class=\"elementor-post__thumbnail\"><img decoding=\"async\" src=\"https:\/\/prueba.volandorentcar.com\/wp-content\/uploads\/2024\/06\/reserva-ecologica.webp\" title=\"reserva ecologica\" alt=\"Reserva ecol\u00f3gica ojos ind\u00edgenas\" loading=\"lazy\" \/><\/div><\/a>\n\t\t\t\t<div class=\"elementor-post__text\">\n\t\t\t\t<h2 class=\"elementor-post__title\">\n\t\t\t<a href=\"https:\/\/prueba.volandorentcar.com\/es\/reserva-ecologica-ojos-indigenas\/\" >\n\t\t\t\tReserva ecol\u00f3gica ojos ind\u00edgenas\t\t\t<\/a>\n\t\t<\/h2>\n\t\t\t\t<div class=\"elementor-post__excerpt\">\n\t\t\t<p>BLOG Indigenous Eyes Ecological Reserve The Ecological Reserve Ojos Ind\u00edgenas, located in the heart of Punta Cana, Dominican Republic, is a natural paradise that offers a unique experience for nature lovers and ecotourism enthusiasts. Surrounded by lush vegetation and crystal-clear lagoons, this reserve is an oasis of tranquility and biodiversity<\/p>\n\t\t<\/div>\n\t\t\n\t\t<a class=\"elementor-post__read-more\" href=\"https:\/\/prueba.volandorentcar.com\/es\/reserva-ecologica-ojos-indigenas\/\" aria-label=\"Read more about Indigenous Eyes Ecological Reserve\" tabindex=\"-1\" >\n\t\t\tLEER M\u00c1S \u00bb\t\t<\/a>\n\n\t\t\t\t<\/div>\n\t\t\t\t<div class=\"elementor-post__meta-data\">\n\t\t\t\t\t<span class=\"elementor-post-author\">\n\t\t\tADM\t\t<\/span>\n\t\t\t\t<span class=\"elementor-post-date\">\n\t\t\t07\/02\/2024\t\t<\/span>\n\t\t\t\t<\/div>\n\t\t\t\t\t<\/div>\n\t\t<\/article>\n\t\t\t\t<article class=\"elementor-post elementor-grid-item post-3345 post type-post status-publish format-standard has-post-thumbnail hentry category-attractions-in-punta-cana\">\n\t\t\t<div class=\"elementor-post__card\">\n\t\t\t\t<a class=\"elementor-post__thumbnail__link\" href=\"https:\/\/prueba.volandorentcar.com\/es\/vida-nocturna-punta-cana\/\" tabindex=\"-1\" ><div class=\"elementor-post__thumbnail\"><img decoding=\"async\" src=\"https:\/\/prueba.volandorentcar.com\/wp-content\/uploads\/2024\/06\/vida-nocturna.webp\" title=\"vida nocturna\" alt=\"Vida nocturna Punta cana\" loading=\"lazy\" \/><\/div><\/a>\n\t\t\t\t<div class=\"elementor-post__text\">\n\t\t\t\t<h2 class=\"elementor-post__title\">\n\t\t\t<a href=\"https:\/\/prueba.volandorentcar.com\/es\/vida-nocturna-punta-cana\/\" >\n\t\t\t\tVida nocturna Punta cana\t\t\t<\/a>\n\t\t<\/h2>\n\t\t\t\t<div class=\"elementor-post__excerpt\">\n\t\t\t<p>BLOG Nightlife Punta Cana Punta Cana, located in the beautiful Dominican Republic, is a tourist destination known not only for its stunning beaches and luxury resorts, but also for its exciting nightlife. With a wide variety of options for all tastes, nightlife in Punta Cana offers an unforgettable experience for<\/p>\n\t\t<\/div>\n\t\t\n\t\t<a class=\"elementor-post__read-more\" href=\"https:\/\/prueba.volandorentcar.com\/es\/vida-nocturna-punta-cana\/\" aria-label=\"Read more about Nightlife Punta Cana\" tabindex=\"-1\" >\n\t\t\tLEER M\u00c1S \u00bb\t\t<\/a>\n\n\t\t\t\t<\/div>\n\t\t\t\t<div class=\"elementor-post__meta-data\">\n\t\t\t\t\t<span class=\"elementor-post-author\">\n\t\t\tADM\t\t<\/span>\n\t\t\t\t<span class=\"elementor-post-date\">\n\t\t\t07\/02\/2024\t\t<\/span>\n\t\t\t\t<\/div>\n\t\t\t\t\t<\/div>\n\t\t<\/article>\n\t\t\t\t<article class=\"elementor-post elementor-grid-item post-3327 post type-post status-publish format-standard has-post-thumbnail hentry category-attractions-in-punta-cana\">\n\t\t\t<div class=\"elementor-post__card\">\n\t\t\t\t<a class=\"elementor-post__thumbnail__link\" href=\"https:\/\/prueba.volandorentcar.com\/es\/la-marina-cap-cana\/\" tabindex=\"-1\" ><div class=\"elementor-post__thumbnail\"><img decoding=\"async\" src=\"https:\/\/prueba.volandorentcar.com\/wp-content\/uploads\/2024\/06\/marina-cap-cana.webp\" title=\"marina cap cana\" alt=\"Marina Cap. Cana\" loading=\"lazy\" \/><\/div><\/a>\n\t\t\t\t<div class=\"elementor-post__text\">\n\t\t\t\t<h2 class=\"elementor-post__title\">\n\t\t\t<a href=\"https:\/\/prueba.volandorentcar.com\/es\/la-marina-cap-cana\/\" >\n\t\t\t\tMarina Cap. Cana\t\t\t<\/a>\n\t\t<\/h2>\n\t\t\t\t<div class=\"elementor-post__excerpt\">\n\t\t\t<p>BLOG Marine Cap. Cana Marina Cap Cana, located in the splendid Dominican Republic, is a top-tier tourist destination that has captivated travelers from around the world. With its stunning landscapes, luxurious facilities, and a wide range of activities, Marina Cap Cana has become an emblematic place for those seeking to<\/p>\n\t\t<\/div>\n\t\t\n\t\t<a class=\"elementor-post__read-more\" href=\"https:\/\/prueba.volandorentcar.com\/es\/la-marina-cap-cana\/\" aria-label=\"Read more about Marine Cap. Cana\" tabindex=\"-1\" >\n\t\t\tLEER M\u00c1S \u00bb\t\t<\/a>\n\n\t\t\t\t<\/div>\n\t\t\t\t<div class=\"elementor-post__meta-data\">\n\t\t\t\t\t<span class=\"elementor-post-author\">\n\t\t\tADM\t\t<\/span>\n\t\t\t\t<span class=\"elementor-post-date\">\n\t\t\t07\/02\/2024\t\t<\/span>\n\t\t\t\t<\/div>\n\t\t\t\t\t<\/div>\n\t\t<\/article>\n\t\t\t\t<article class=\"elementor-post elementor-grid-item post-3310 post type-post status-publish format-standard has-post-thumbnail hentry category-attractions-in-punta-cana\">\n\t\t\t<div class=\"elementor-post__card\">\n\t\t\t\t<a class=\"elementor-post__thumbnail__link\" href=\"https:\/\/prueba.volandorentcar.com\/es\/hoyo-azul-or-scape-park-cap-cana\/\" tabindex=\"-1\" ><div class=\"elementor-post__thumbnail\"><img decoding=\"async\" src=\"https:\/\/prueba.volandorentcar.com\/wp-content\/uploads\/2024\/06\/ollo-azul.webp\" title=\"ollo azul\" alt=\"Hollo Azul o Scape Park Cap cana\" loading=\"lazy\" \/><\/div><\/a>\n\t\t\t\t<div class=\"elementor-post__text\">\n\t\t\t\t<h2 class=\"elementor-post__title\">\n\t\t\t<a href=\"https:\/\/prueba.volandorentcar.com\/es\/hoyo-azul-or-scape-park-cap-cana\/\" >\n\t\t\t\tHollo Azul o Scape Park Cap cana\t\t\t<\/a>\n\t\t<\/h2>\n\t\t\t\t<div class=\"elementor-post__excerpt\">\n\t\t\t<p>Hollo Azul o Scape Park es un parque tem\u00e1tico ubicado en el coraz\u00f3n de Punta Cana, Rep\u00fablica Dominicana. Este parque cuenta con una extensa \u00e1rea natural donde podr\u00e1s disfrutar de diversas actividades al aire libre, rodeado de una exuberante vegetaci\u00f3n y una impresionante belleza natural.<\/p>\n\t\t<\/div>\n\t\t\n\t\t<a class=\"elementor-post__read-more\" href=\"https:\/\/prueba.volandorentcar.com\/es\/hoyo-azul-or-scape-park-cap-cana\/\" aria-label=\"Read more about Hoyo Azul or Scape Park Cap cana\" tabindex=\"-1\" >\n\t\t\tLEER M\u00c1S \u00bb\t\t<\/a>\n\n\t\t\t\t<\/div>\n\t\t\t\t<div class=\"elementor-post__meta-data\">\n\t\t\t\t\t<span class=\"elementor-post-author\">\n\t\t\tADM\t\t<\/span>\n\t\t\t\t<span class=\"elementor-post-date\">\n\t\t\t07\/02\/2024\t\t<\/span>\n\t\t\t\t<\/div>\n\t\t\t\t\t<\/div>\n\t\t<\/article>\n\t\t\t\t<\/div>\n\t\t\n\t\t\t\t\t\t<\/div>\n\t\t\t\t<\/div>\n\t\t\t\t\t<\/div>\n\t\t\t\t<\/div>\n\t\t\t\t\t<\/div>\n\t\t\t\t<\/div>\n\t\t\t\t<\/div>","protected":false},"excerpt":{"rendered":"<p>CATEGORIES ATTRACTIONS IN PUNTA CANA<\/p>","protected":false},"author":1,"featured_media":0,"parent":0,"menu_order":0,"comment_status":"closed","ping_status":"closed","template":"elementor_header_footer","meta":{"_joinchat":[],"footnotes":""},"class_list":["post-4371","page","type-page","status-publish","hentry"],"_links":{"self":[{"href":"https:\/\/prueba.volandorentcar.com\/es\/wp-json\/wp\/v2\/pages\/4371","targetHints":{"allow":["GET"]}}],"collection":[{"href":"https:\/\/prueba.volandorentcar.com\/es\/wp-json\/wp\/v2\/pages"}],"about":[{"href":"https:\/\/prueba.volandorentcar.com\/es\/wp-json\/wp\/v2\/types\/page"}],"author":[{"embeddable":true,"href":"https:\/\/prueba.volandorentcar.com\/es\/wp-json\/wp\/v2\/users\/1"}],"replies":[{"embeddable":true,"href":"https:\/\/prueba.volandorentcar.com\/es\/wp-json\/wp\/v2\/comments?post=4371"}],"version-history":[{"count":0,"href":"https:\/\/prueba.volandorentcar.com\/es\/wp-json\/wp\/v2\/pages\/4371\/revisions"}],"wp:attachment":[{"href":"https:\/\/prueba.volandorentcar.com\/es\/wp-json\/wp\/v2\/media?parent=4371"}],"curies":[{"name":"wp","href":"https:\/\/api.w.org\/{rel}","templated":true}]}}