{"id":4377,"date":"2024-04-05T21:42:59","date_gmt":"2024-04-05T21:42:59","guid":{"rendered":"https:\/\/prueba.volandorentcar.com\/?page_id=4377"},"modified":"2024-07-05T08:35:39","modified_gmt":"2024-07-05T08:35:39","slug":"attractions-in-samana","status":"publish","type":"page","link":"https:\/\/prueba.volandorentcar.com\/es\/atracciones-en-samana\/","title":{"rendered":"Attractions In Samana"},"content":{"rendered":"<div data-elementor-type=\"wp-page\" data-elementor-id=\"4377\" class=\"elementor elementor-4377\" data-elementor-post-type=\"page\">\n\t\t\t\t<div class=\"elementor-element elementor-element-6a04d02d e-flex e-con-boxed e-con e-parent\" data-id=\"6a04d02d\" data-element_type=\"container\" data-e-type=\"container\" id=\"about-custom-second-landing\" data-settings=\"{&quot;background_background&quot;:&quot;classic&quot;}\">\n\t\t\t\t\t<div class=\"e-con-inner\">\n\t\t<div class=\"elementor-element elementor-element-6213fbbe e-flex e-con-boxed e-con e-child\" data-id=\"6213fbbe\" data-element_type=\"container\" data-e-type=\"container\">\n\t\t\t\t\t<div class=\"e-con-inner\">\n\t\t<div class=\"elementor-element elementor-element-a0745cf e-con-full e-flex e-con e-child\" data-id=\"a0745cf\" data-element_type=\"container\" data-e-type=\"container\">\n\t\t\t\t<div class=\"elementor-element elementor-element-400b211e elementor-widget elementor-widget-image\" data-id=\"400b211e\" data-element_type=\"widget\" data-e-type=\"widget\" data-widget_type=\"image.default\">\n\t\t\t\t<div class=\"elementor-widget-container\">\n\t\t\t\t\t\t\t\t\t\t\t\t\t\t\t<img decoding=\"async\" width=\"83\" height=\"41\" src=\"https:\/\/prueba.volandorentcar.com\/wp-content\/uploads\/2024\/06\/car-yellow-1.webp\" class=\"attachment-large size-large wp-image-5368\" alt=\"\" srcset=\"https:\/\/prueba.volandorentcar.com\/wp-content\/uploads\/2024\/06\/car-yellow-1.webp 83w, https:\/\/prueba.volandorentcar.com\/wp-content\/uploads\/2024\/06\/car-yellow-1-18x9.webp 18w, https:\/\/prueba.volandorentcar.com\/wp-content\/uploads\/2024\/06\/car-yellow-1-20x10.webp 20w\" sizes=\"(max-width: 83px) 100vw, 83px\" \/>\t\t\t\t\t\t\t\t\t\t\t\t\t\t\t<\/div>\n\t\t\t\t<\/div>\n\t\t<div class=\"elementor-element elementor-element-356fc27a e-flex e-con-boxed e-con e-child\" data-id=\"356fc27a\" data-element_type=\"container\" data-e-type=\"container\">\n\t\t\t\t\t<div class=\"e-con-inner\">\n\t\t\t\t<div class=\"elementor-element elementor-element-26c179ce elementor-widget elementor-widget-text-editor\" data-id=\"26c179ce\" data-element_type=\"widget\" data-e-type=\"widget\" data-widget_type=\"text-editor.default\">\n\t\t\t\t<div class=\"elementor-widget-container\">\n\t\t\t\t\t\t\t\t\t<p>CATEGORIAS<\/p>\t\t\t\t\t\t\t\t<\/div>\n\t\t\t\t<\/div>\n\t\t\t\t<div class=\"elementor-element elementor-element-48aae7cc elementor-widget-divider--view-line elementor-widget elementor-widget-divider\" data-id=\"48aae7cc\" data-element_type=\"widget\" data-e-type=\"widget\" data-widget_type=\"divider.default\">\n\t\t\t\t<div class=\"elementor-widget-container\">\n\t\t\t\t\t\t\t<div class=\"elementor-divider\">\n\t\t\t<span class=\"elementor-divider-separator\">\n\t\t\t\t\t\t<\/span>\n\t\t<\/div>\n\t\t\t\t\t\t<\/div>\n\t\t\t\t<\/div>\n\t\t\t\t\t<\/div>\n\t\t\t\t<\/div>\n\t\t\t\t<\/div>\n\t\t\t\t<div class=\"elementor-element elementor-element-7bf4aa20 elementor-widget__width-initial elementor-widget elementor-widget-heading\" data-id=\"7bf4aa20\" data-element_type=\"widget\" data-e-type=\"widget\" data-widget_type=\"heading.default\">\n\t\t\t\t<div class=\"elementor-widget-container\">\n\t\t\t\t\t<h1 class=\"elementor-heading-title elementor-size-default\"> ATRACCIONES EN SAMANA<\/h1>\t\t\t\t<\/div>\n\t\t\t\t<\/div>\n\t\t\t\t\t<\/div>\n\t\t\t\t<\/div>\n\t\t\t\t\t<\/div>\n\t\t\t\t<\/div>\n\t\t<div class=\"elementor-element elementor-element-1885af85 e-flex e-con-boxed e-con e-parent\" data-id=\"1885af85\" data-element_type=\"container\" data-e-type=\"container\" id=\"blog-custom-css-1\">\n\t\t\t\t\t<div class=\"e-con-inner\">\n\t\t<div class=\"elementor-element elementor-element-7180dce1 e-flex e-con-boxed e-con e-child\" data-id=\"7180dce1\" data-element_type=\"container\" data-e-type=\"container\" id=\"blog-article-css-1\">\n\t\t\t\t\t<div class=\"e-con-inner\">\n\t\t\t\t<div class=\"elementor-element elementor-element-4c8416d5 elementor-grid-2 elementor-grid-tablet-2 elementor-grid-mobile-1 elementor-posts--thumbnail-top elementor-card-shadow-yes elementor-posts__hover-gradient elementor-widget elementor-widget-posts\" data-id=\"4c8416d5\" data-element_type=\"widget\" data-e-type=\"widget\" data-settings=\"{&quot;cards_columns&quot;:&quot;2&quot;,&quot;pagination_type&quot;:&quot;numbers_and_prev_next&quot;,&quot;cards_columns_tablet&quot;:&quot;2&quot;,&quot;cards_columns_mobile&quot;:&quot;1&quot;,&quot;cards_row_gap&quot;:{&quot;unit&quot;:&quot;px&quot;,&quot;size&quot;:35,&quot;sizes&quot;:[]},&quot;cards_row_gap_tablet&quot;:{&quot;unit&quot;:&quot;px&quot;,&quot;size&quot;:&quot;&quot;,&quot;sizes&quot;:[]},&quot;cards_row_gap_mobile&quot;:{&quot;unit&quot;:&quot;px&quot;,&quot;size&quot;:&quot;&quot;,&quot;sizes&quot;:[]}}\" data-widget_type=\"posts.cards\">\n\t\t\t\t<div class=\"elementor-widget-container\">\n\t\t\t\t\t\t\t<div class=\"elementor-posts-container elementor-posts elementor-posts--skin-cards elementor-grid\">\n\t\t\t\t<article class=\"elementor-post elementor-grid-item post-3484 post type-post status-publish format-standard has-post-thumbnail hentry category-attractions-in-samana\">\n\t\t\t<div class=\"elementor-post__card\">\n\t\t\t\t<a class=\"elementor-post__thumbnail__link\" href=\"https:\/\/prueba.volandorentcar.com\/es\/santuario-de-ballenas-jorobadas\/\" tabindex=\"-1\" ><div class=\"elementor-post__thumbnail\"><img decoding=\"async\" src=\"https:\/\/prueba.volandorentcar.com\/wp-content\/uploads\/2024\/06\/santuario-de-ballenas-jorobadas-1.jpg.webp\" title=\"santuario-de-ballenas-jorobadas-1.jpg\" alt=\"Santuario De Las Ballenas Jorobadas Samana\" loading=\"lazy\" \/><\/div><\/a>\n\t\t\t\t<div class=\"elementor-post__text\">\n\t\t\t\t<h2 class=\"elementor-post__title\">\n\t\t\t<a href=\"https:\/\/prueba.volandorentcar.com\/es\/santuario-de-ballenas-jorobadas\/\" >\n\t\t\t\tSantuario De Las Ballenas Jorobadas Samana\t\t\t<\/a>\n\t\t<\/h2>\n\t\t\t\t<div class=\"elementor-post__excerpt\">\n\t\t\t<p>BLOG Humpback Whale Sanctuary The Humpback Whale Sanctuary is one of the five tourist destinations in Saman\u00e1, Dominican Republic\u2014a place you can&#8217;t miss if you&#8217;re considering a family vacation. In this article, we will share the wonders of this site and how to get there. If you don&#8217;t have the<\/p>\n\t\t<\/div>\n\t\t\n\t\t<a class=\"elementor-post__read-more\" href=\"https:\/\/prueba.volandorentcar.com\/es\/santuario-de-ballenas-jorobadas\/\" aria-label=\"Read more about Humpback Whale Sanctuary\" tabindex=\"-1\" >\n\t\t\tLEER M\u00c1S \u00bb\t\t<\/a>\n\n\t\t\t\t<\/div>\n\t\t\t\t<div class=\"elementor-post__meta-data\">\n\t\t\t\t\t<span class=\"elementor-post-author\">\n\t\t\tADM\t\t<\/span>\n\t\t\t\t<span class=\"elementor-post-date\">\n\t\t\t09\/02\/2024\t\t<\/span>\n\t\t\t\t<\/div>\n\t\t\t\t\t<\/div>\n\t\t<\/article>\n\t\t\t\t<article class=\"elementor-post elementor-grid-item post-3471 post type-post status-publish format-standard has-post-thumbnail hentry category-attractions-in-samana\">\n\t\t\t<div class=\"elementor-post__card\">\n\t\t\t\t<a class=\"elementor-post__thumbnail__link\" href=\"https:\/\/prueba.volandorentcar.com\/es\/pueblo-de-los-pescadores-las-terrenas\/\" tabindex=\"-1\" ><div class=\"elementor-post__thumbnail\"><img decoding=\"async\" src=\"https:\/\/prueba.volandorentcar.com\/wp-content\/uploads\/2024\/06\/los-pescadore.webp\" title=\"los pescadore\" alt=\"Pueblo de Los Pescadores Samana\" loading=\"lazy\" \/><\/div><\/a>\n\t\t\t\t<div class=\"elementor-post__text\">\n\t\t\t\t<h2 class=\"elementor-post__title\">\n\t\t\t<a href=\"https:\/\/prueba.volandorentcar.com\/es\/pueblo-de-los-pescadores-las-terrenas\/\" >\n\t\t\t\tPueblo de Los Pescadores Samana\t\t\t<\/a>\n\t\t<\/h2>\n\t\t\t\t<div class=\"elementor-post__excerpt\">\n\t\t\t<p>BLOG Fishermen Town Las Terrenas If you&#8217;re planning a family trip to the Dominican Republic, you can&#8217;t miss visiting one of the most precious gems of the Saman\u00e1 Peninsula: Pueblo los Pescadores. This charming fishing village located on the north coast of the country is an ideal place to enjoy<\/p>\n\t\t<\/div>\n\t\t\n\t\t<a class=\"elementor-post__read-more\" href=\"https:\/\/prueba.volandorentcar.com\/es\/pueblo-de-los-pescadores-las-terrenas\/\" aria-label=\"Read more about Fishermen Town Las Terrenas\" tabindex=\"-1\" >\n\t\t\tLEER M\u00c1S \u00bb\t\t<\/a>\n\n\t\t\t\t<\/div>\n\t\t\t\t<div class=\"elementor-post__meta-data\">\n\t\t\t\t\t<span class=\"elementor-post-author\">\n\t\t\tADM\t\t<\/span>\n\t\t\t\t<span class=\"elementor-post-date\">\n\t\t\t09\/02\/2024\t\t<\/span>\n\t\t\t\t<\/div>\n\t\t\t\t\t<\/div>\n\t\t<\/article>\n\t\t\t\t<article class=\"elementor-post elementor-grid-item post-3444 post type-post status-publish format-standard has-post-thumbnail hentry category-attractions-in-samana\">\n\t\t\t<div class=\"elementor-post__card\">\n\t\t\t\t<a class=\"elementor-post__thumbnail__link\" href=\"https:\/\/prueba.volandorentcar.com\/es\/parque-nacional-los-haitises\/\" tabindex=\"-1\" ><div class=\"elementor-post__thumbnail\"><img decoding=\"async\" src=\"https:\/\/prueba.volandorentcar.com\/wp-content\/uploads\/2024\/06\/parque-nacional-los-haitises-1.jpg.webp\" title=\"parque-nacional-los-haitises-1.jpg\" alt=\"parque-nacional-los-haitises-1.jpg\" loading=\"lazy\" \/><\/div><\/a>\n\t\t\t\t<div class=\"elementor-post__text\">\n\t\t\t\t<h2 class=\"elementor-post__title\">\n\t\t\t<a href=\"https:\/\/prueba.volandorentcar.com\/es\/parque-nacional-los-haitises\/\" >\n\t\t\t\tParque Nacional Los Haitises\t\t\t<\/a>\n\t\t<\/h2>\n\t\t\t\t<div class=\"elementor-post__excerpt\">\n\t\t\t<p>Parque Nacional Los Haitises<\/p>\n\t\t<\/div>\n\t\t\n\t\t<a class=\"elementor-post__read-more\" href=\"https:\/\/prueba.volandorentcar.com\/es\/parque-nacional-los-haitises\/\" aria-label=\"Read more about Los Haitises National Park\" tabindex=\"-1\" >\n\t\t\tLEER M\u00c1S \u00bb\t\t<\/a>\n\n\t\t\t\t<\/div>\n\t\t\t\t<div class=\"elementor-post__meta-data\">\n\t\t\t\t\t<span class=\"elementor-post-author\">\n\t\t\tADM\t\t<\/span>\n\t\t\t\t<span class=\"elementor-post-date\">\n\t\t\t09\/02\/2024\t\t<\/span>\n\t\t\t\t<\/div>\n\t\t\t\t\t<\/div>\n\t\t<\/article>\n\t\t\t\t<article class=\"elementor-post elementor-grid-item post-3420 post type-post status-publish format-standard has-post-thumbnail hentry category-attractions-in-samana\">\n\t\t\t<div class=\"elementor-post__card\">\n\t\t\t\t<a class=\"elementor-post__thumbnail__link\" href=\"https:\/\/prueba.volandorentcar.com\/es\/malecon-de-samana\/\" tabindex=\"-1\" ><div class=\"elementor-post__thumbnail\"><img decoding=\"async\" src=\"https:\/\/prueba.volandorentcar.com\/wp-content\/uploads\/2024\/06\/malecon-de-samana-2.jpg.webp\" title=\"malecon-de-samana-2.jpg\" alt=\"Malec\u00f3n De Saman\u00e1\" loading=\"lazy\" \/><\/div><\/a>\n\t\t\t\t<div class=\"elementor-post__text\">\n\t\t\t\t<h2 class=\"elementor-post__title\">\n\t\t\t<a href=\"https:\/\/prueba.volandorentcar.com\/es\/malecon-de-samana\/\" >\n\t\t\t\tMalec\u00f3n De Saman\u00e1\t\t\t<\/a>\n\t\t<\/h2>\n\t\t\t\t<div class=\"elementor-post__excerpt\">\n\t\t\t<p>BLOG Malec\u00f3n in Saman\u00e1 The Malec\u00f3n de Saman\u00e1, located in the picturesque province of Saman\u00e1, Dominican Republic, is a unique tourist destination that offers an unforgettable experience for travelers. With stunning views of the sea, a rich local culture, and a variety of exciting activities, the Malec\u00f3n de Saman\u00e1 has<\/p>\n\t\t<\/div>\n\t\t\n\t\t<a class=\"elementor-post__read-more\" href=\"https:\/\/prueba.volandorentcar.com\/es\/malecon-de-samana\/\" aria-label=\"Read more about Malec\u00f3n in Saman\u00e1\" tabindex=\"-1\" >\n\t\t\tLEER M\u00c1S \u00bb\t\t<\/a>\n\n\t\t\t\t<\/div>\n\t\t\t\t<div class=\"elementor-post__meta-data\">\n\t\t\t\t\t<span class=\"elementor-post-author\">\n\t\t\tADM\t\t<\/span>\n\t\t\t\t<span class=\"elementor-post-date\">\n\t\t\t09\/02\/2024\t\t<\/span>\n\t\t\t\t<\/div>\n\t\t\t\t\t<\/div>\n\t\t<\/article>\n\t\t\t\t<article class=\"elementor-post elementor-grid-item post-3410 post type-post status-publish format-standard has-post-thumbnail hentry category-attractions-in-samana\">\n\t\t\t<div class=\"elementor-post__card\">\n\t\t\t\t<a class=\"elementor-post__thumbnail__link\" href=\"https:\/\/prueba.volandorentcar.com\/es\/isla-cayo-levantado-samana\/\" tabindex=\"-1\" ><div class=\"elementor-post__thumbnail\"><img decoding=\"async\" src=\"https:\/\/prueba.volandorentcar.com\/wp-content\/uploads\/2024\/06\/isla-cayo-levantado-2.jpg.webp\" title=\"isla-cayo-levantado-2.jpg\" alt=\"Isla Cayo Levantado en Saman\u00e1\" loading=\"lazy\" \/><\/div><\/a>\n\t\t\t\t<div class=\"elementor-post__text\">\n\t\t\t\t<h2 class=\"elementor-post__title\">\n\t\t\t<a href=\"https:\/\/prueba.volandorentcar.com\/es\/isla-cayo-levantado-samana\/\" >\n\t\t\t\tIsla Cayo Levantado en Saman\u00e1\t\t\t<\/a>\n\t\t<\/h2>\n\t\t\t\t<div class=\"elementor-post__excerpt\">\n\t\t\t<p>BLOG Cayo Levantado Island samana Saman\u00e1 is one of the most popular tourist destinations in the Dominican Republic, and Isla Cayo Levantado is undoubtedly one of its main attractions. This beautiful island, located off the coast of Saman\u00e1, is a true tropical paradise that offers a wide variety of activities<\/p>\n\t\t<\/div>\n\t\t\n\t\t<a class=\"elementor-post__read-more\" href=\"https:\/\/prueba.volandorentcar.com\/es\/isla-cayo-levantado-samana\/\" aria-label=\"Read more about Cayo Levantado Island samana\" tabindex=\"-1\" >\n\t\t\tLEER M\u00c1S \u00bb\t\t<\/a>\n\n\t\t\t\t<\/div>\n\t\t\t\t<div class=\"elementor-post__meta-data\">\n\t\t\t\t\t<span class=\"elementor-post-author\">\n\t\t\tADM\t\t<\/span>\n\t\t\t\t<span class=\"elementor-post-date\">\n\t\t\t09\/02\/2024\t\t<\/span>\n\t\t\t\t<\/div>\n\t\t\t\t\t<\/div>\n\t\t<\/article>\n\t\t\t\t<\/div>\n\t\t\n\t\t\t\t\t\t<\/div>\n\t\t\t\t<\/div>\n\t\t\t\t\t<\/div>\n\t\t\t\t<\/div>\n\t\t\t\t\t<\/div>\n\t\t\t\t<\/div>\n\t\t\t\t<\/div>","protected":false},"excerpt":{"rendered":"<p>CATEGORIES ATTRACTIONS IN SAMAN\u00c1<\/p>","protected":false},"author":1,"featured_media":0,"parent":0,"menu_order":0,"comment_status":"closed","ping_status":"closed","template":"elementor_header_footer","meta":{"_joinchat":[],"footnotes":""},"class_list":["post-4377","page","type-page","status-publish","hentry"],"_links":{"self":[{"href":"https:\/\/prueba.volandorentcar.com\/es\/wp-json\/wp\/v2\/pages\/4377","targetHints":{"allow":["GET"]}}],"collection":[{"href":"https:\/\/prueba.volandorentcar.com\/es\/wp-json\/wp\/v2\/pages"}],"about":[{"href":"https:\/\/prueba.volandorentcar.com\/es\/wp-json\/wp\/v2\/types\/page"}],"author":[{"embeddable":true,"href":"https:\/\/prueba.volandorentcar.com\/es\/wp-json\/wp\/v2\/users\/1"}],"replies":[{"embeddable":true,"href":"https:\/\/prueba.volandorentcar.com\/es\/wp-json\/wp\/v2\/comments?post=4377"}],"version-history":[{"count":0,"href":"https:\/\/prueba.volandorentcar.com\/es\/wp-json\/wp\/v2\/pages\/4377\/revisions"}],"wp:attachment":[{"href":"https:\/\/prueba.volandorentcar.com\/es\/wp-json\/wp\/v2\/media?parent=4377"}],"curies":[{"name":"wp","href":"https:\/\/api.w.org\/{rel}","templated":true}]}}