{"id":834,"date":"2023-10-17T04:05:18","date_gmt":"2023-10-17T04:05:18","guid":{"rendered":"http:\/\/test.loc\/?page_id=834"},"modified":"2024-07-19T16:52:33","modified_gmt":"2024-07-19T16:52:33","slug":"faq","status":"publish","type":"page","link":"https:\/\/prueba.volandorentcar.com\/es\/preguntas-frecuentes\/","title":{"rendered":"FAQ"},"content":{"rendered":"<div data-elementor-type=\"wp-page\" data-elementor-id=\"834\" class=\"elementor elementor-834\" data-elementor-post-type=\"page\">\n\t\t\t\t<div class=\"elementor-element elementor-element-6eff249f e-flex e-con-boxed e-con e-parent\" data-id=\"6eff249f\" data-element_type=\"container\" data-e-type=\"container\" id=\"about-custom-second-landing\" data-settings=\"{&quot;background_background&quot;:&quot;classic&quot;}\">\n\t\t\t\t\t<div class=\"e-con-inner\">\n\t\t<div class=\"elementor-element elementor-element-6f5e5dc1 e-flex e-con-boxed e-con e-child\" data-id=\"6f5e5dc1\" data-element_type=\"container\" data-e-type=\"container\">\n\t\t\t\t\t<div class=\"e-con-inner\">\n\t\t<div class=\"elementor-element elementor-element-75a87f4d e-con-full e-flex e-con e-child\" data-id=\"75a87f4d\" data-element_type=\"container\" data-e-type=\"container\">\n\t\t\t\t<div class=\"elementor-element elementor-element-591272c2 elementor-widget elementor-widget-image\" data-id=\"591272c2\" data-element_type=\"widget\" data-e-type=\"widget\" data-widget_type=\"image.default\">\n\t\t\t\t<div class=\"elementor-widget-container\">\n\t\t\t\t\t\t\t\t\t\t\t\t\t\t\t<img decoding=\"async\" width=\"83\" height=\"41\" src=\"https:\/\/prueba.volandorentcar.com\/wp-content\/uploads\/2024\/06\/car-yellow-1.webp\" class=\"attachment-large size-large wp-image-5368\" alt=\"\" srcset=\"https:\/\/prueba.volandorentcar.com\/wp-content\/uploads\/2024\/06\/car-yellow-1.webp 83w, https:\/\/prueba.volandorentcar.com\/wp-content\/uploads\/2024\/06\/car-yellow-1-18x9.webp 18w, https:\/\/prueba.volandorentcar.com\/wp-content\/uploads\/2024\/06\/car-yellow-1-20x10.webp 20w\" sizes=\"(max-width: 83px) 100vw, 83px\" \/>\t\t\t\t\t\t\t\t\t\t\t\t\t\t\t<\/div>\n\t\t\t\t<\/div>\n\t\t<div class=\"elementor-element elementor-element-7749774c e-flex e-con-boxed e-con e-child\" data-id=\"7749774c\" data-element_type=\"container\" data-e-type=\"container\">\n\t\t\t\t\t<div class=\"e-con-inner\">\n\t\t\t\t<div class=\"elementor-element elementor-element-430ed246 elementor-widget elementor-widget-text-editor\" data-id=\"430ed246\" data-element_type=\"widget\" data-e-type=\"widget\" data-widget_type=\"text-editor.default\">\n\t\t\t\t<div class=\"elementor-widget-container\">\n\t\t\t\t\t\t\t\t\t<p>ACERCA DE<\/p>\t\t\t\t\t\t\t\t<\/div>\n\t\t\t\t<\/div>\n\t\t\t\t<div class=\"elementor-element elementor-element-1e6fb84e elementor-widget-divider--view-line elementor-widget elementor-widget-divider\" data-id=\"1e6fb84e\" data-element_type=\"widget\" data-e-type=\"widget\" data-widget_type=\"divider.default\">\n\t\t\t\t<div class=\"elementor-widget-container\">\n\t\t\t\t\t\t\t<div class=\"elementor-divider\">\n\t\t\t<span class=\"elementor-divider-separator\">\n\t\t\t\t\t\t<\/span>\n\t\t<\/div>\n\t\t\t\t\t\t<\/div>\n\t\t\t\t<\/div>\n\t\t\t\t\t<\/div>\n\t\t\t\t<\/div>\n\t\t\t\t<\/div>\n\t\t\t\t<div class=\"elementor-element elementor-element-712c8e7 elementor-widget__width-initial elementor-widget elementor-widget-heading\" data-id=\"712c8e7\" data-element_type=\"widget\" data-e-type=\"widget\" data-widget_type=\"heading.default\">\n\t\t\t\t<div class=\"elementor-widget-container\">\n\t\t\t\t\t<h1 class=\"elementor-heading-title elementor-size-default\">FAQ<\/h1>\t\t\t\t<\/div>\n\t\t\t\t<\/div>\n\t\t\t\t\t<\/div>\n\t\t\t\t<\/div>\n\t\t\t\t\t<\/div>\n\t\t\t\t<\/div>\n\t\t<div class=\"elementor-element elementor-element-edfb386 e-flex e-con-boxed e-con e-parent\" data-id=\"edfb386\" data-element_type=\"container\" data-e-type=\"container\">\n\t\t\t\t\t<div class=\"e-con-inner\">\n\t\t\t\t<div class=\"elementor-element elementor-element-dff2bb6 elementor-widget elementor-widget-heading\" data-id=\"dff2bb6\" data-element_type=\"widget\" data-e-type=\"widget\" data-widget_type=\"heading.default\">\n\t\t\t\t<div class=\"elementor-widget-container\">\n\t\t\t\t\t<h2 class=\"elementor-heading-title elementor-size-default\">como podemos ayudarte?<\/h2>\t\t\t\t<\/div>\n\t\t\t\t<\/div>\n\t\t\t\t\t<\/div>\n\t\t\t\t<\/div>\n\t\t<div class=\"elementor-element elementor-element-dbd39f3 e-flex e-con-boxed e-con e-parent\" data-id=\"dbd39f3\" data-element_type=\"container\" data-e-type=\"container\">\n\t\t\t\t\t<div class=\"e-con-inner\">\n\t\t\t\t<div class=\"elementor-element elementor-element-14847c8 elementor-widget elementor-widget-text-editor\" data-id=\"14847c8\" data-element_type=\"widget\" data-e-type=\"widget\" data-widget_type=\"text-editor.default\">\n\t\t\t\t<div class=\"elementor-widget-container\">\n\t\t\t\t\t\t\t\t\t<p>En esta secci\u00f3n encontrar\u00e1 informaci\u00f3n \u00fatil sobre las diferentes formas de pago de su reserva de alquiler de coches. Atenderemos tus consultas sobre m\u00e9todos de pago como; utilizando tarjetas de d\u00e9bito, tarjetas de cr\u00e9dito o autorizaciones de terceros.<\/p>\t\t\t\t\t\t\t\t<\/div>\n\t\t\t\t<\/div>\n\t\t\t\t\t<\/div>\n\t\t\t\t<\/div>\n\t\t<div class=\"elementor-element elementor-element-90d5e20 e-flex e-con-boxed e-con e-parent\" data-id=\"90d5e20\" data-element_type=\"container\" data-e-type=\"container\" data-settings=\"{&quot;background_background&quot;:&quot;classic&quot;}\">\n\t\t\t\t\t<div class=\"e-con-inner\">\n\t\t\t\t<div class=\"elementor-element elementor-element-762aa3f elementor-widget elementor-widget-heading\" data-id=\"762aa3f\" data-element_type=\"widget\" data-e-type=\"widget\" data-widget_type=\"heading.default\">\n\t\t\t\t<div class=\"elementor-widget-container\">\n\t\t\t\t\t<h2 class=\"elementor-heading-title elementor-size-default\">1. Cargos y devoluciones<\/h2>\t\t\t\t<\/div>\n\t\t\t\t<\/div>\n\t\t\t\t<div class=\"elementor-element elementor-element-5af7c20 elementor-widget elementor-widget-accordion\" data-id=\"5af7c20\" data-element_type=\"widget\" data-e-type=\"widget\" id=\"faq-custom-css-1\" data-widget_type=\"accordion.default\">\n\t\t\t\t<div class=\"elementor-widget-container\">\n\t\t\t\t\t\t\t<div class=\"elementor-accordion\">\n\t\t\t\t\t\t\t<div class=\"elementor-accordion-item\">\n\t\t\t\t\t<h3 id=\"elementor-tab-title-9531\" class=\"elementor-tab-title\" data-tab=\"1\" role=\"button\" aria-controls=\"elementor-tab-content-9531\" aria-expanded=\"false\">\n\t\t\t\t\t\t\t\t\t\t\t\t<a class=\"elementor-accordion-title\" tabindex=\"0\">\u00bfCu\u00e1nto ser\u00e1 la preautorizaci\u00f3n en mi tarjeta de cr\u00e9dito o efectivo cuando alquile un veh\u00edculo?<\/a>\n\t\t\t\t\t<\/h3>\n\t\t\t\t\t<div id=\"elementor-tab-content-9531\" class=\"elementor-tab-content elementor-clearfix\" data-tab=\"1\" role=\"region\" aria-labelledby=\"elementor-tab-title-9531\"><p>El monto var\u00eda dependiendo del autom\u00f3vil alquilado. El dep\u00f3sito m\u00ednimo a retener es de US $300, m\u00e1s los d\u00edas totales de alquiler.<\/p><p>*Para unidades como Jeeps, mini-furgonetas y furgonetas, el monto reembolsable a retener es de US $500, m\u00e1s los d\u00edas totales de alquiler.<\/p><\/div>\n\t\t\t\t<\/div>\n\t\t\t\t\t\t\t<div class=\"elementor-accordion-item\">\n\t\t\t\t\t<h3 id=\"elementor-tab-title-9532\" class=\"elementor-tab-title\" data-tab=\"2\" role=\"button\" aria-controls=\"elementor-tab-content-9532\" aria-expanded=\"false\">\n\t\t\t\t\t\t\t\t\t\t\t\t<a class=\"elementor-accordion-title\" tabindex=\"0\">\u00bfCu\u00e1nto tiempo se tarda en reembolsar el dep\u00f3sito de seguridad o la preautorizaci\u00f3n?<\/a>\n\t\t\t\t\t<\/h3>\n\t\t\t\t\t<div id=\"elementor-tab-content-9532\" class=\"elementor-tab-content elementor-clearfix\" data-tab=\"2\" role=\"region\" aria-labelledby=\"elementor-tab-title-9532\"><p><strong>Pre-authorization:<\/strong> <strong>Preautorizaci\u00f3n:<\/strong> Ten en cuenta que este monto no se cargar\u00e1 a tu cuenta, solo ser\u00e1 bloqueado por tu banco durante tu per\u00edodo de alquiler, y al final del servicio, el monto ser\u00e1 desbloqueado.<\/p><p class=\"translation-block\"><strong>Dep\u00f3sito:<\/strong> Se reembolsa autom\u00e1ticamente al devolver el veh\u00edculo. El reembolso a tu tarjeta depende de tu banco y puede tardar entre 5 y 7 d\u00edas. Ten en cuenta que este monto se libera a la cuenta asociada con la tarjeta de cr\u00e9dito utilizada para el dep\u00f3sito.<\/p><\/div>\n\t\t\t\t<\/div>\n\t\t\t\t\t\t\t<div class=\"elementor-accordion-item\">\n\t\t\t\t\t<h3 id=\"elementor-tab-title-9533\" class=\"elementor-tab-title\" data-tab=\"3\" role=\"button\" aria-controls=\"elementor-tab-content-9533\" aria-expanded=\"false\">\n\t\t\t\t\t\t\t\t\t\t\t\t<a class=\"elementor-accordion-title\" tabindex=\"0\">\u00bfCu\u00e1l es la ventaja de pagar por adelantado?<\/a>\n\t\t\t\t\t<\/h3>\n\t\t\t\t\t<div id=\"elementor-tab-content-9533\" class=\"elementor-tab-content elementor-clearfix\" data-tab=\"3\" role=\"region\" aria-labelledby=\"elementor-tab-title-9533\"><p>La ventaja de realizar un pago por adelantado en nuestro sitio web es que puedes obtener un descuento del 20%, garantizando la disponibilidad del veh\u00edculo desde el d\u00eda de la reserva.<\/p><\/div>\n\t\t\t\t<\/div>\n\t\t\t\t\t\t\t<div class=\"elementor-accordion-item\">\n\t\t\t\t\t<h3 id=\"elementor-tab-title-9534\" class=\"elementor-tab-title\" data-tab=\"4\" role=\"button\" aria-controls=\"elementor-tab-content-9534\" aria-expanded=\"false\">\n\t\t\t\t\t\t\t\t\t\t\t\t<a class=\"elementor-accordion-title\" tabindex=\"0\">Puedo alquilar en Volando Rent a Car sin una tarjeta de cr\u00e9dito?<\/a>\n\t\t\t\t\t<\/h3>\n\t\t\t\t\t<div id=\"elementor-tab-content-9534\" class=\"elementor-tab-content elementor-clearfix\" data-tab=\"4\" role=\"region\" aria-labelledby=\"elementor-tab-title-9534\"><p>Por lo general, es esencial tener una tarjeta de cr\u00e9dito para el pago del dep\u00f3sito de seguridad o para la preautorizaci\u00f3n. Sin embargo, el uso de una tarjeta de cr\u00e9dito no es obligatorio para alquilar en Volando Renta Car.<\/p><p>*Se aceptan: Visa, Mastercard, American Express, y debes tener estos fondos disponibles para una retenci\u00f3n, la cual ser\u00e1 liberada al final del alquiler. El monto retenido depende del veh\u00edculo reservado y los d\u00edas de alquiler. El cliente puede finalizar el alquiler pagando en efectivo en Pesos Dominicanos (RD$), Euros (EUR) o D\u00f3lares Estadounidenses (USD).<\/p><\/div>\n\t\t\t\t<\/div>\n\t\t\t\t\t\t\t<div class=\"elementor-accordion-item\">\n\t\t\t\t\t<h3 id=\"elementor-tab-title-9535\" class=\"elementor-tab-title\" data-tab=\"5\" role=\"button\" aria-controls=\"elementor-tab-content-9535\" aria-expanded=\"false\">\n\t\t\t\t\t\t\t\t\t\t\t\t<a class=\"elementor-accordion-title\" tabindex=\"0\">\u00bfCu\u00e1les son las diferentes formas en las que puedo pagar por mi alquiler de auto?<\/a>\n\t\t\t\t\t<\/h3>\n\t\t\t\t\t<div id=\"elementor-tab-content-9535\" class=\"elementor-tab-content elementor-clearfix\" data-tab=\"5\" role=\"region\" aria-labelledby=\"elementor-tab-title-9535\"><p class=\"translation-block\"><strong>Pago con Tarjeta de Cr\u00e9dito o D\u00e9bito:<\/strong> El pago se puede realizar con una tarjeta de cr\u00e9dito\/d\u00e9bito (Visa\/Visa Electron o Mastercard), ya sea a trav\u00e9s de nuestro sitio web o al momento de recoger el veh\u00edculo. Ten en cuenta que se aplicar\u00e1 un dep\u00f3sito. El dep\u00f3sito ser\u00e1 reembolsado al final del alquiler si no se producen nuevos da\u00f1os al autom\u00f3vil.<\/p><p class=\"translation-block\"><strong>Pago en Efectivo:<\/strong>\nAceptamos efectivo para tu alquiler de auto, y como garant\u00eda, se requiere dejar un dep\u00f3sito por el deducible aplicable en el veh\u00edculo entregado, ya sea mediante tarjeta de cr\u00e9dito o en efectivo.<\/p><\/div>\n\t\t\t\t<\/div>\n\t\t\t\t\t\t\t\t<\/div>\n\t\t\t\t\t\t<\/div>\n\t\t\t\t<\/div>\n\t\t\t\t\t<\/div>\n\t\t\t\t<\/div>\n\t\t<div class=\"elementor-element elementor-element-bb4ee41 e-flex e-con-boxed e-con e-parent\" data-id=\"bb4ee41\" data-element_type=\"container\" data-e-type=\"container\">\n\t\t\t\t\t<div class=\"e-con-inner\">\n\t\t\t\t<div class=\"elementor-element elementor-element-3a86263 elementor-widget elementor-widget-heading\" data-id=\"3a86263\" data-element_type=\"widget\" data-e-type=\"widget\" data-widget_type=\"heading.default\">\n\t\t\t\t<div class=\"elementor-widget-container\">\n\t\t\t\t\t<h2 class=\"elementor-heading-title elementor-size-default\">2. Precios y Coberturas<\/h2>\t\t\t\t<\/div>\n\t\t\t\t<\/div>\n\t\t\t\t<div class=\"elementor-element elementor-element-2ac6575 elementor-widget elementor-widget-accordion\" data-id=\"2ac6575\" data-element_type=\"widget\" data-e-type=\"widget\" id=\"faq-custom-css-2\" data-widget_type=\"accordion.default\">\n\t\t\t\t<div class=\"elementor-widget-container\">\n\t\t\t\t\t\t\t<div class=\"elementor-accordion\">\n\t\t\t\t\t\t\t<div class=\"elementor-accordion-item\">\n\t\t\t\t\t<h3 id=\"elementor-tab-title-4481\" class=\"elementor-tab-title\" data-tab=\"1\" role=\"button\" aria-controls=\"elementor-tab-content-4481\" aria-expanded=\"false\">\n\t\t\t\t\t\t\t\t\t\t\t\t<a class=\"elementor-accordion-title\" tabindex=\"0\">What is included in the rental price?<\/a>\n\t\t\t\t\t<\/h3>\n\t\t\t\t\t<div id=\"elementor-tab-content-4481\" class=\"elementor-tab-content elementor-clearfix\" data-tab=\"1\" role=\"region\" aria-labelledby=\"elementor-tab-title-4481\"><ul><li><p>Kilometraje ilimitado<\/p><\/li><li><p>Los impuestos locales aplicables ITBIS (VAT\/TAX).<\/p><\/li><li><p>Servicio de aeropuerto. Horario de oficina<\/p><\/li><li><p>Opci\u00f3n de pago a la llegada.<\/p><\/li><li><p>Seguro de responsabilidad civil con (deducible)<\/p><\/li><li><p>Coche de reemplazo en caso de accidente.<\/p><\/li><\/ul><\/div>\n\t\t\t\t<\/div>\n\t\t\t\t\t\t\t<div class=\"elementor-accordion-item\">\n\t\t\t\t\t<h3 id=\"elementor-tab-title-4482\" class=\"elementor-tab-title\" data-tab=\"2\" role=\"button\" aria-controls=\"elementor-tab-content-4482\" aria-expanded=\"false\">\n\t\t\t\t\t\t\t\t\t\t\t\t<a class=\"elementor-accordion-title\" tabindex=\"0\">Tengo que dejar un dep\u00f3sito al recoger el coche? \u00bfIncluso si pago con tarjeta de d\u00e9bito?<\/a>\n\t\t\t\t\t<\/h3>\n\t\t\t\t\t<div id=\"elementor-tab-content-4482\" class=\"elementor-tab-content elementor-clearfix\" data-tab=\"2\" role=\"region\" aria-labelledby=\"elementor-tab-title-4482\"><p>S\u00ed, debes dejar un dep\u00f3sito para cubrir cualquier eventualidad. El monto puede variar y depende del coche seleccionado. Este monto se liberar\u00e1 al devolver el veh\u00edculo despu\u00e9s de verificar si hay nuevos da\u00f1os.<\/p><p>Dependiendo del m\u00e9todo de pago elegido, se aplican diferentes condiciones para el dep\u00f3sito.<\/p><p>Si el pago se realiza con una tarjeta de cr\u00e9dito o d\u00e9bito: Dependiendo del coche elegido, debes dejar un dep\u00f3sito entre USD 300 y USD 1000 de tu tarjeta de cr\u00e9dito o en efectivo para garantizar el deducible y cubrir posibles da\u00f1os.<\/p><\/div>\n\t\t\t\t<\/div>\n\t\t\t\t\t\t\t<div class=\"elementor-accordion-item\">\n\t\t\t\t\t<h3 id=\"elementor-tab-title-4483\" class=\"elementor-tab-title\" data-tab=\"3\" role=\"button\" aria-controls=\"elementor-tab-content-4483\" aria-expanded=\"false\">\n\t\t\t\t\t\t\t\t\t\t\t\t<a class=\"elementor-accordion-title\" tabindex=\"0\">La cobertura de mi seguro de otra compa\u00f1\u00eda \u00bfcubre mi alquiler en Volando Rent a CAR?<\/a>\n\t\t\t\t\t<\/h3>\n\t\t\t\t\t<div id=\"elementor-tab-content-4483\" class=\"elementor-tab-content elementor-clearfix\" data-tab=\"3\" role=\"region\" aria-labelledby=\"elementor-tab-title-4483\"><p>Si has adquirido una p\u00f3liza anual o un seguro\/cobertura adicional con tu tarjeta de cr\u00e9dito o agencia de viajes, ten en cuenta que este seguro\/cobertura NO es proporcionado directamente por Volando Rent a Car.<\/p><p>Por lo tanto, eres responsable de pagar el monto del dep\u00f3sito o cualquier exceso en caso de da\u00f1os al veh\u00edculo y de reclamar el reembolso de este monto a la compa\u00f1\u00eda con la que has adquirido tu seguro\/cobertura.<\/p><\/div>\n\t\t\t\t<\/div>\n\t\t\t\t\t\t\t<div class=\"elementor-accordion-item\">\n\t\t\t\t\t<h3 id=\"elementor-tab-title-4484\" class=\"elementor-tab-title\" data-tab=\"4\" role=\"button\" aria-controls=\"elementor-tab-content-4484\" aria-expanded=\"false\">\n\t\t\t\t\t\t\t\t\t\t\t\t<a class=\"elementor-accordion-title\" tabindex=\"0\">\u00bfPuedo viajar con mi coche de alquiler a otro pa\u00eds?<\/a>\n\t\t\t\t\t<\/h3>\n\t\t\t\t\t<div id=\"elementor-tab-content-4484\" class=\"elementor-tab-content elementor-clearfix\" data-tab=\"4\" role=\"region\" aria-labelledby=\"elementor-tab-title-4484\"><p>Conducir fuera del territorio dominicano est\u00e1 prohibido.<\/p><\/div>\n\t\t\t\t<\/div>\n\t\t\t\t\t\t\t<div class=\"elementor-accordion-item\">\n\t\t\t\t\t<h3 id=\"elementor-tab-title-4485\" class=\"elementor-tab-title\" data-tab=\"5\" role=\"button\" aria-controls=\"elementor-tab-content-4485\" aria-expanded=\"false\">\n\t\t\t\t\t\t\t\t\t\t\t\t<a class=\"elementor-accordion-title\" tabindex=\"0\">\u00bfQu\u00e9 no est\u00e1 incluido en ninguna cobertura?<\/a>\n\t\t\t\t\t<\/h3>\n\t\t\t\t\t<div id=\"elementor-tab-content-4485\" class=\"elementor-tab-content elementor-clearfix\" data-tab=\"5\" role=\"region\" aria-labelledby=\"elementor-tab-title-4485\"><p>La p\u00e9rdida de los asientos para ni\u00f1os.<\/p><p>Da\u00f1o\/p\u00e9rdida\/robo de llaves, gato, tri\u00e1ngulos de seguridad, chalecos, limpiaparabrisas, tap\u00f3n de combustible, bandejas del maletero, o cualquier otro componente m\u00f3vil o fijo del veh\u00edculo.<\/p><p>Da\u00f1o del motor por negligencia.<\/p><p>Robo del veh\u00edculo con las llaves adentro.<\/p><p>Multas de tr\u00e1fico o violaciones de la ley durante el periodo de alquiler son responsabilidad del conductor del veh\u00edculo.<\/p><p>P\u00e9rdida\/Da\u00f1o\/Robo de pertenencias personales.<\/p><\/div>\n\t\t\t\t<\/div>\n\t\t\t\t\t\t\t\t<\/div>\n\t\t\t\t\t\t<\/div>\n\t\t\t\t<\/div>\n\t\t\t\t\t<\/div>\n\t\t\t\t<\/div>\n\t\t<div class=\"elementor-element elementor-element-a4ebff1 e-flex e-con-boxed e-con e-parent\" data-id=\"a4ebff1\" data-element_type=\"container\" data-e-type=\"container\" data-settings=\"{&quot;background_background&quot;:&quot;classic&quot;}\">\n\t\t\t\t\t<div class=\"e-con-inner\">\n\t\t\t\t<div class=\"elementor-element elementor-element-8986cb7 elementor-widget elementor-widget-heading\" data-id=\"8986cb7\" data-element_type=\"widget\" data-e-type=\"widget\" data-widget_type=\"heading.default\">\n\t\t\t\t<div class=\"elementor-widget-container\">\n\t\t\t\t\t<h2 class=\"elementor-heading-title elementor-size-default\">3. Reservaciones<\/h2>\t\t\t\t<\/div>\n\t\t\t\t<\/div>\n\t\t\t\t<div class=\"elementor-element elementor-element-36d4803 elementor-widget elementor-widget-accordion\" data-id=\"36d4803\" data-element_type=\"widget\" data-e-type=\"widget\" id=\"faq-custom-css-2\" data-widget_type=\"accordion.default\">\n\t\t\t\t<div class=\"elementor-widget-container\">\n\t\t\t\t\t\t\t<div class=\"elementor-accordion\">\n\t\t\t\t\t\t\t<div class=\"elementor-accordion-item\">\n\t\t\t\t\t<h3 id=\"elementor-tab-title-5741\" class=\"elementor-tab-title\" data-tab=\"1\" role=\"button\" aria-controls=\"elementor-tab-content-5741\" aria-expanded=\"false\">\n\t\t\t\t\t\t\t\t\t\t\t\t<a class=\"elementor-accordion-title\" tabindex=\"0\">\u00bfQu\u00e9 se necesita para hacer la reservaci\u00f3n?<\/a>\n\t\t\t\t\t<\/h3>\n\t\t\t\t\t<div id=\"elementor-tab-content-5741\" class=\"elementor-tab-content elementor-clearfix\" data-tab=\"1\" role=\"region\" aria-labelledby=\"elementor-tab-title-5741\"><p>Para hacer una reserva, necesitas tener a mano algunos documentos, que mencionaremos a continuaci\u00f3n. Es necesario tener en cuenta que estos documentos deben ser v\u00e1lidos en el momento de la reserva:<\/p><ol><li style=\"list-style-type: none;\"><ol><li>Pasaporte\/ID Nacional<\/li><li>Licencia del Conductor<\/li><li>Tarjeta de Cr\u00e9dito\/D\u00e9bito o dinero en efectivo.<\/li><\/ol><\/li><\/ol><\/div>\n\t\t\t\t<\/div>\n\t\t\t\t\t\t\t<div class=\"elementor-accordion-item\">\n\t\t\t\t\t<h3 id=\"elementor-tab-title-5742\" class=\"elementor-tab-title\" data-tab=\"2\" role=\"button\" aria-controls=\"elementor-tab-content-5742\" aria-expanded=\"false\">\n\t\t\t\t\t\t\t\t\t\t\t\t<a class=\"elementor-accordion-title\" tabindex=\"0\">\u00bfCu\u00e1l es la pol\u00edtica de cancelaci\u00f3n? \u00bfHay alg\u00fan cargo?<\/a>\n\t\t\t\t\t<\/h3>\n\t\t\t\t\t<div id=\"elementor-tab-content-5742\" class=\"elementor-tab-content elementor-clearfix\" data-tab=\"2\" role=\"region\" aria-labelledby=\"elementor-tab-title-5742\"><p>Puedes cancelar tu reserva de forma gratuita hasta 7 d\u00edas antes de recoger tu coche.<\/p><ul><li>Si cancelas tu reserva con menos de 7 d\u00edas de antelaci\u00f3n, se aplicar\u00e1 una penalizaci\u00f3n del 100% sobre el monto prepagado. Esta penalizaci\u00f3n tambi\u00e9n se aplicar\u00e1 si la reserva no se utiliza o si no cumples con los requisitos de alquiler.<\/li><\/ul><p>Nota: Recuerda que hay muchas personas en nuestro inventario de servicios, as\u00ed que si no vas a utilizar el veh\u00edculo, permite que otra persona lo haga.<\/p><ul><li>En caso de cancelaci\u00f3n, puedes elegir un cup\u00f3n para usar en ocasiones futuras o un reembolso de tu reserva.<\/li><\/ul><\/div>\n\t\t\t\t<\/div>\n\t\t\t\t\t\t\t<div class=\"elementor-accordion-item\">\n\t\t\t\t\t<h3 id=\"elementor-tab-title-5743\" class=\"elementor-tab-title\" data-tab=\"3\" role=\"button\" aria-controls=\"elementor-tab-content-5743\" aria-expanded=\"false\">\n\t\t\t\t\t\t\t\t\t\t\t\t<a class=\"elementor-accordion-title\" tabindex=\"0\">\u00bfTengo que pagar al hacer una reserva?<\/a>\n\t\t\t\t\t<\/h3>\n\t\t\t\t\t<div id=\"elementor-tab-content-5743\" class=\"elementor-tab-content elementor-clearfix\" data-tab=\"3\" role=\"region\" aria-labelledby=\"elementor-tab-title-5743\"><p>Debes pagar si realizas la reserva a trav\u00e9s del sitio web, por tel\u00e9fono o correo electr\u00f3nico. De esta manera, se confirmar\u00e1 tu reserva.<\/p><\/div>\n\t\t\t\t<\/div>\n\t\t\t\t\t\t\t<div class=\"elementor-accordion-item\">\n\t\t\t\t\t<h3 id=\"elementor-tab-title-5744\" class=\"elementor-tab-title\" data-tab=\"4\" role=\"button\" aria-controls=\"elementor-tab-content-5744\" aria-expanded=\"false\">\n\t\t\t\t\t\t\t\t\t\t\t\t<a class=\"elementor-accordion-title\" tabindex=\"0\">\u00bfPuedo reservar un modelo espec\u00edfico?<\/a>\n\t\t\t\t\t<\/h3>\n\t\t\t\t\t<div id=\"elementor-tab-content-5744\" class=\"elementor-tab-content elementor-clearfix\" data-tab=\"4\" role=\"region\" aria-labelledby=\"elementor-tab-title-5744\"><p>S\u00ed, al hacer tu reserva con anticipaci\u00f3n, garantizamos el modelo de tu elecci\u00f3n.<\/p><\/div>\n\t\t\t\t<\/div>\n\t\t\t\t\t\t\t<div class=\"elementor-accordion-item\">\n\t\t\t\t\t<h3 id=\"elementor-tab-title-5745\" class=\"elementor-tab-title\" data-tab=\"5\" role=\"button\" aria-controls=\"elementor-tab-content-5745\" aria-expanded=\"false\">\n\t\t\t\t\t\t\t\t\t\t\t\t<a class=\"elementor-accordion-title\" tabindex=\"0\">\u00bfC\u00f3mo puedo saber si mi reserva est\u00e1 confirmada?<\/a>\n\t\t\t\t\t<\/h3>\n\t\t\t\t\t<div id=\"elementor-tab-content-5745\" class=\"elementor-tab-content elementor-clearfix\" data-tab=\"5\" role=\"region\" aria-labelledby=\"elementor-tab-title-5745\"><p>Tu reserva se confirmar\u00e1 una vez que se haya realizado el pago a trav\u00e9s del sitio web o si uno de nuestros agentes autorizados, a quienes puedes encontrar a trav\u00e9s de nuestro correo electr\u00f3nico\/ contactos disponibles, entre otros, lo confirma.<\/p><\/div>\n\t\t\t\t<\/div>\n\t\t\t\t\t\t\t\t<\/div>\n\t\t\t\t\t\t<\/div>\n\t\t\t\t<\/div>\n\t\t\t\t\t<\/div>\n\t\t\t\t<\/div>\n\t\t\t\t<\/div>","protected":false},"excerpt":{"rendered":"<p>ABOUT FAQ how can we help you? In this section you will find useful information about the different payment methods for your car rental reservation. We will answer your questions about payment methods such as; using debit cards, credit cards or third party authorizations. 1. Charges and Refunds How much will the pre-authorization on my&#8230;<\/p>","protected":false},"author":1,"featured_media":0,"parent":0,"menu_order":0,"comment_status":"closed","ping_status":"closed","template":"elementor_header_footer","meta":{"_joinchat":[],"footnotes":""},"class_list":["post-834","page","type-page","status-publish","hentry"],"_links":{"self":[{"href":"https:\/\/prueba.volandorentcar.com\/es\/wp-json\/wp\/v2\/pages\/834","targetHints":{"allow":["GET"]}}],"collection":[{"href":"https:\/\/prueba.volandorentcar.com\/es\/wp-json\/wp\/v2\/pages"}],"about":[{"href":"https:\/\/prueba.volandorentcar.com\/es\/wp-json\/wp\/v2\/types\/page"}],"author":[{"embeddable":true,"href":"https:\/\/prueba.volandorentcar.com\/es\/wp-json\/wp\/v2\/users\/1"}],"replies":[{"embeddable":true,"href":"https:\/\/prueba.volandorentcar.com\/es\/wp-json\/wp\/v2\/comments?post=834"}],"version-history":[{"count":0,"href":"https:\/\/prueba.volandorentcar.com\/es\/wp-json\/wp\/v2\/pages\/834\/revisions"}],"wp:attachment":[{"href":"https:\/\/prueba.volandorentcar.com\/es\/wp-json\/wp\/v2\/media?parent=834"}],"curies":[{"name":"wp","href":"https:\/\/api.w.org\/{rel}","templated":true}]}}