{"id":9,"date":"2023-10-10T09:45:12","date_gmt":"2023-10-10T09:45:12","guid":{"rendered":"http:\/\/test.loc\/cart\/"},"modified":"2024-07-05T14:11:20","modified_gmt":"2024-07-05T14:11:20","slug":"rental-cart","status":"publish","type":"page","link":"https:\/\/prueba.volandorentcar.com\/es\/rental-cart\/","title":{"rendered":"VEHICULO"},"content":{"rendered":"<div data-elementor-type=\"wp-page\" data-elementor-id=\"9\" class=\"elementor elementor-9\" data-elementor-post-type=\"page\">\n\t\t\t\t\t\t<section class=\"elementor-section elementor-top-section elementor-element elementor-element-50caf71 elementor-section-boxed elementor-section-height-default elementor-section-height-default\" data-id=\"50caf71\" data-element_type=\"section\" data-e-type=\"section\">\n\t\t\t\t\t\t<div class=\"elementor-container elementor-column-gap-default\">\n\t\t\t\t\t<div class=\"elementor-column elementor-col-50 elementor-top-column elementor-element elementor-element-2fd6661\" data-id=\"2fd6661\" data-element_type=\"column\" data-e-type=\"column\">\n\t\t\t<div class=\"elementor-widget-wrap elementor-element-populated\">\n\t\t\t\t\t\t<div class=\"elementor-element elementor-element-e567bec elementor-widget elementor-widget-heading\" data-id=\"e567bec\" data-element_type=\"widget\" data-e-type=\"widget\" data-widget_type=\"heading.default\">\n\t\t\t\t<div class=\"elementor-widget-container\">\n\t\t\t\t\t<h2 class=\"elementor-heading-title elementor-size-default\">COBERTURA \/ COMPLEMENTOS<\/h2>\t\t\t\t<\/div>\n\t\t\t\t<\/div>\n\t\t\t\t<div class=\"elementor-element elementor-element-63e8110 elementor-widget elementor-widget-motors-rental-vehicle-addons\" data-id=\"63e8110\" data-element_type=\"widget\" data-e-type=\"widget\" data-widget_type=\"motors-rental-vehicle-addons.default\">\n\t\t\t\t<div class=\"elementor-widget-container\">\n\t\t\t\t\t<div class=\"rental-reservation-addons\">\n\t\t\t<div class=\"stm_rental_options_archive\">\n\t\t\t<div class=\"stm_rental_option\">\n\t\t\t<div class=\"image\">\n\t\t\t<img decoding=\"async\" width=\"64\" height=\"64\" src=\"https:\/\/prueba.volandorentcar.com\/wp-content\/uploads\/2024\/06\/seguro-carro.webp\" class=\"attachment-thumbnail size-thumbnail wp-post-image\" alt=\"\" srcset=\"https:\/\/prueba.volandorentcar.com\/wp-content\/uploads\/2024\/06\/seguro-carro.webp 64w, https:\/\/prueba.volandorentcar.com\/wp-content\/uploads\/2024\/06\/seguro-carro-12x12.webp 12w, https:\/\/prueba.volandorentcar.com\/wp-content\/uploads\/2024\/06\/seguro-carro-60x60.webp 60w\" sizes=\"(max-width: 64px) 100vw, 64px\" \/>\t\t<\/div>\n\t\t<div class=\"stm_rental_option_content\">\n\t\t<div class=\"content\">\n\t\t\t<div class=\"title\">\n\t\t\t\t<h4>COVERAGE CDW Full- $10.00\/DAYS<\/h4>\n\t\t\t<\/div>\n\t\t\t\t\t\t\t<div class=\"stm-more\">\n\t\t\t\t\t<a href=\"#\">\n\t\t\t\t\t\t<span>M\u00e1s informaci\u00f3n<\/span>\n\t\t\t\t\t\t<i class=\"fas fa-angle-down\"><\/i>\n\t\t\t\t\t<\/a>\n\t\t\t\t<\/div>\n\t\t\t\t\t<\/div>\n\t\t<div class=\"meta\">\n\t\t\t\t\t\t<div class=\"price\">\n\t\t\t\t\t\t\t\t\t<div class=\"empty_sale_price\"><\/div>\n\t\t\t\t\t\t\t\t<div class=\"current_price heading-font\">\n\t\t\t\t\t\t\t\t\t<\/div>\n\t\t\t<\/div>\n\n\t\t\t\t\t\t\t<div class=\"stm-add-to-cart heading-font stm-manage-stock-no\">\n\t\t\t\t\t<a href=\"\/es\/wp-json\/wp\/v2\/pages\/9?add-to-cart=698\">\n\t\t\t\t\t\tA\u00f1adir\t\t\t\t\t<\/a>\n\t\t\t\t<\/div>\n\t\t\t\t\t<\/div>\n\t\t<div class=\"clearfix\"><\/div>\n\n\t\t\t\t\t<div class=\"more\">\n\t\t\t\t<span style=\"vertical-align: inherit\"><span style=\"vertical-align: inherit\">Cobertura CDW Total: Todos los alquileres est\u00e1n sujetos a un Deducible, dependiendo del tipo de veh\u00edculo alquilado, importe del que ser\u00e1 responsable el cliente en caso de da\u00f1os en el veh\u00edculo durante el periodo de alquiler.<\/span><\/span>\t\t\t<\/div>\n\t\t\t<\/div>\n<\/div>\n\t\t<\/div>\n\n\t\t\t<div class=\"stm_rental_options_archive\">\n\t\t\t<div class=\"stm_rental_option\">\n\t\t\t<div class=\"image\">\n\t\t\t<img decoding=\"async\" width=\"64\" height=\"64\" src=\"https:\/\/prueba.volandorentcar.com\/wp-content\/uploads\/2024\/06\/seguro-carro.webp\" class=\"attachment-thumbnail size-thumbnail wp-post-image\" alt=\"\" srcset=\"https:\/\/prueba.volandorentcar.com\/wp-content\/uploads\/2024\/06\/seguro-carro.webp 64w, https:\/\/prueba.volandorentcar.com\/wp-content\/uploads\/2024\/06\/seguro-carro-12x12.webp 12w, https:\/\/prueba.volandorentcar.com\/wp-content\/uploads\/2024\/06\/seguro-carro-60x60.webp 60w\" sizes=\"(max-width: 64px) 100vw, 64px\" \/>\t\t<\/div>\n\t\t<div class=\"stm_rental_option_content\">\n\t\t<div class=\"content\">\n\t\t\t<div class=\"title\">\n\t\t\t\t<h4>COBERTURA CDW Full Plus- $39.00\/D\u00cdAS<\/h4>\n\t\t\t<\/div>\n\t\t\t\t\t\t\t<div class=\"stm-more\">\n\t\t\t\t\t<a href=\"#\">\n\t\t\t\t\t\t<span>M\u00e1s informaci\u00f3n<\/span>\n\t\t\t\t\t\t<i class=\"fas fa-angle-down\"><\/i>\n\t\t\t\t\t<\/a>\n\t\t\t\t<\/div>\n\t\t\t\t\t<\/div>\n\t\t<div class=\"meta\">\n\t\t\t\t\t\t<div class=\"price\">\n\t\t\t\t\t\t\t\t\t<div class=\"empty_sale_price\"><\/div>\n\t\t\t\t\t\t\t\t<div class=\"current_price heading-font\">\n\t\t\t\t\t\t\t\t\t<\/div>\n\t\t\t<\/div>\n\n\t\t\t\t\t\t\t<div class=\"stm-add-to-cart heading-font stm-manage-stock-no\">\n\t\t\t\t\t<a href=\"\/es\/wp-json\/wp\/v2\/pages\/9?add-to-cart=696\">\n\t\t\t\t\t\tA\u00f1adir\t\t\t\t\t<\/a>\n\t\t\t\t<\/div>\n\t\t\t\t\t<\/div>\n\t\t<div class=\"clearfix\"><\/div>\n\n\t\t\t\t\t<div class=\"more\">\n\t\t\t\tCobertura CDW Completa Plus: Esta Cobertura, limita la responsabilidad econ\u00f3mica del \ncliente a un monto de $0.00 en caso de da\u00f1os al veh\u00edculo, excepto por maltrato a la unidad, \nDa\u00f1os al interior o perdida de llaves, rotura de cristales o neum\u00e1ticos. siempre que el veh\u00edculo \nsea utilizado dentro de los t\u00e9rminos y condiciones del contrato de alquiler.\t\t\t<\/div>\n\t\t\t<\/div>\n<\/div>\n\t\t<\/div>\n\n\t\t\t<div class=\"stm_rental_options_archive\">\n\t\t\t<div class=\"stm_rental_option\">\n\t\t\t<div class=\"image\">\n\t\t\t<img decoding=\"async\" width=\"64\" height=\"64\" src=\"https:\/\/prueba.volandorentcar.com\/wp-content\/uploads\/2024\/06\/asiento-de-seguridad-ninos.webp\" class=\"attachment-thumbnail size-thumbnail wp-post-image\" alt=\"\" srcset=\"https:\/\/prueba.volandorentcar.com\/wp-content\/uploads\/2024\/06\/asiento-de-seguridad-ninos.webp 64w, https:\/\/prueba.volandorentcar.com\/wp-content\/uploads\/2024\/06\/asiento-de-seguridad-ninos-12x12.webp 12w, https:\/\/prueba.volandorentcar.com\/wp-content\/uploads\/2024\/06\/asiento-de-seguridad-ninos-60x60.webp 60w\" sizes=\"(max-width: 64px) 100vw, 64px\" \/>\t\t<\/div>\n\t\t<div class=\"stm_rental_option_content\">\n\t\t<div class=\"content\">\n\t\t\t<div class=\"title\">\n\t\t\t\t<h4>ASIENTOS PARA Ni\u00f1os: $2.00\/D\u00cdAS<\/h4>\n\t\t\t<\/div>\n\t\t\t\t\t\t\t<div class=\"stm-more\">\n\t\t\t\t\t<a href=\"#\">\n\t\t\t\t\t\t<span>M\u00e1s informaci\u00f3n<\/span>\n\t\t\t\t\t\t<i class=\"fas fa-angle-down\"><\/i>\n\t\t\t\t\t<\/a>\n\t\t\t\t<\/div>\n\t\t\t\t\t<\/div>\n\t\t<div class=\"meta\">\n\t\t\t\t\t\t<div class=\"price\">\n\t\t\t\t\t\t\t\t\t<div class=\"empty_sale_price\"><\/div>\n\t\t\t\t\t\t\t\t<div class=\"current_price heading-font\">\n\t\t\t\t\t\t\t\t\t<\/div>\n\t\t\t<\/div>\n\n\t\t\t\t\t\t\t<div class=\"stm-add-to-cart heading-font stm-manage-stock-no\">\n\t\t\t\t\t<a href=\"\/es\/wp-json\/wp\/v2\/pages\/9?add-to-cart=693\">\n\t\t\t\t\t\tA\u00f1adir\t\t\t\t\t<\/a>\n\t\t\t\t<\/div>\n\t\t\t\t\t<\/div>\n\t\t<div class=\"clearfix\"><\/div>\n\n\t\t\t\t\t<div class=\"more\">\n\t\t\t\t<span style=\"vertical-align: inherit\"><span style=\"vertical-align: inherit\"><span style=\"vertical-align: inherit\"><span style=\"vertical-align: inherit\">L<\/span><\/span><\/span><\/span>\t\t\t<\/div>\n\t\t\t<\/div>\n<\/div>\n\t\t<\/div>\n\n\t\t\t<div class=\"stm_rental_options_archive\">\n\t\t\t<div class=\"stm_rental_option\">\n\t\t\t<div class=\"image\">\n\t\t\t<img decoding=\"async\" width=\"64\" height=\"64\" src=\"https:\/\/prueba.volandorentcar.com\/wp-content\/uploads\/2024\/06\/conductor-adicional.webp\" class=\"attachment-thumbnail size-thumbnail wp-post-image\" alt=\"\" srcset=\"https:\/\/prueba.volandorentcar.com\/wp-content\/uploads\/2024\/06\/conductor-adicional.webp 64w, https:\/\/prueba.volandorentcar.com\/wp-content\/uploads\/2024\/06\/conductor-adicional-12x12.webp 12w, https:\/\/prueba.volandorentcar.com\/wp-content\/uploads\/2024\/06\/conductor-adicional-60x60.webp 60w\" sizes=\"(max-width: 64px) 100vw, 64px\" \/>\t\t<\/div>\n\t\t<div class=\"stm_rental_option_content\">\n\t\t<div class=\"content\">\n\t\t\t<div class=\"title\">\n\t\t\t\t<h4>CONDUCTOR ADICIONAL- (GRATIS)<\/h4>\n\t\t\t<\/div>\n\t\t\t\t\t\t\t<div class=\"stm-more\">\n\t\t\t\t\t<a href=\"#\">\n\t\t\t\t\t\t<span>M\u00e1s informaci\u00f3n<\/span>\n\t\t\t\t\t\t<i class=\"fas fa-angle-down\"><\/i>\n\t\t\t\t\t<\/a>\n\t\t\t\t<\/div>\n\t\t\t\t\t<\/div>\n\t\t<div class=\"meta\">\n\t\t\t\t\t\t<div class=\"price\">\n\t\t\t\t\t\t\t\t\t<div class=\"empty_sale_price\"><\/div>\n\t\t\t\t\t\t\t\t<div class=\"current_price heading-font\">\n\t\t\t\t\t\t\t\t\t<\/div>\n\t\t\t<\/div>\n\n\t\t\t\t\t\t\t<div class=\"stm-add-to-cart heading-font stm-manage-stock-no\">\n\t\t\t\t\t<a href=\"\/es\/wp-json\/wp\/v2\/pages\/9?add-to-cart=695\">\n\t\t\t\t\t\tA\u00f1adir\t\t\t\t\t<\/a>\n\t\t\t\t<\/div>\n\t\t\t\t\t<\/div>\n\t\t<div class=\"clearfix\"><\/div>\n\n\t\t\t\t\t<div class=\"more\">\n\t\t\t\t<span style=\"vertical-align: inherit\"><span style=\"vertical-align: inherit\">L<\/span><\/span>\t\t\t<\/div>\n\t\t\t<\/div>\n<\/div>\n\t\t<\/div>\n\n\t\t<script>\n\t\tjQuery(document).ready(function(){\n\t\t\tvar $ = jQuery;\n\t\t\t$('.stm-manage-stock-yes a').on('click', function(e){\n\t\t\t\te.preventDefault();\n\t\t\t\te.stopPropagation();\n\t\t\t\tvar stmHref = $(this).attr('href');\n\t\t\t\tvar quantityValue = $(this).closest('.meta').find('.qty').val();\n\t\t\t\tvar quantity = '&quantity=' + quantityValue;\n\t\t\t\tstmHref += quantity;\n\t\t\t\twindow.location.href = stmHref;\n\t\t\t});\n\t\t})\n\t<\/script>\n\t<\/div>\n\t\t\t\t<\/div>\n\t\t\t\t<\/div>\n\t\t\t\t\t<\/div>\n\t\t<\/div>\n\t\t\t\t<div class=\"elementor-column elementor-col-50 elementor-top-column elementor-element elementor-element-47a8448\" data-id=\"47a8448\" data-element_type=\"column\" data-e-type=\"column\">\n\t\t\t<div class=\"elementor-widget-wrap elementor-element-populated\">\n\t\t\t\t\t\t<section class=\"elementor-section elementor-inner-section elementor-element elementor-element-7615de4 elementor-section-boxed elementor-section-height-default elementor-section-height-default\" data-id=\"7615de4\" data-element_type=\"section\" data-e-type=\"section\">\n\t\t\t\t\t\t<div class=\"elementor-container elementor-column-gap-default\">\n\t\t\t\t\t<div class=\"elementor-column elementor-col-50 elementor-inner-column elementor-element elementor-element-ee1d245 elementor-hidden-tablet elementor-hidden-mobile\" data-id=\"ee1d245\" data-element_type=\"column\" data-e-type=\"column\">\n\t\t\t<div class=\"elementor-widget-wrap\">\n\t\t\t\t\t\t\t<\/div>\n\t\t<\/div>\n\t\t\t\t<div class=\"elementor-column elementor-col-50 elementor-inner-column elementor-element elementor-element-4e46cb1\" data-id=\"4e46cb1\" data-element_type=\"column\" data-e-type=\"column\">\n\t\t\t<div class=\"elementor-widget-wrap elementor-element-populated\">\n\t\t\t\t\t\t<div class=\"elementor-element elementor-element-0d2d107 elementor-widget elementor-widget-motors-rental-coupon\" data-id=\"0d2d107\" data-element_type=\"widget\" data-e-type=\"widget\" data-widget_type=\"motors-rental-coupon.default\">\n\t\t\t\t<div class=\"elementor-widget-container\">\n\t\t\t\t\t<div class=\"rental-coupon\">\n\t<div class=\"stm_rental_coupon\">\n    <form class=\"stm_checkout_coupon\" method=\"post\" action=\"\">\n\n        <p class=\"form-row form-row-first\">\n            <input type=\"text\" name=\"coupon_code\" class=\"input-text\" placeholder=\"C\u00f3digo de cup\u00f3n\" id=\"coupon_code\" value=\"\" \/>\n        <\/p>\n\n        <p class=\"form-row form-row-last\">\n            <input type=\"submit\" class=\"button\" name=\"apply_coupon\" value=\"Aplicar cup\u00f3n\" \/>\n        <\/p>\n\n        <div class=\"clear\"><\/div>\n    <input type=\"hidden\" name=\"trp-form-language\" value=\"es\"\/><\/form>\n<\/div>\n\n<script>\n    (function($){\n        $(document).ready(function(){\n            var $coupon = $('.stm_checkout_coupon .input-text');\n            $coupon.on('focus', function(){\n                $('.stm_checkout_coupon').addClass('active');\n            });\n\n            $coupon.on('focusout', function(){\n                $('.stm_checkout_coupon').removeClass('active');\n            })\n        });\n    })(jQuery)\n<\/script><\/div>\n\t\t\t\t<\/div>\n\t\t\t\t<\/div>\n\t\t\t\t\t<\/div>\n\t\t<\/div>\n\t\t\t\t\t<\/div>\n\t\t<\/section>\n\t\t\t\t<div class=\"elementor-element elementor-element-3c72651 elementor-widget elementor-widget-motors-rental-reservation-info\" data-id=\"3c72651\" data-element_type=\"widget\" data-e-type=\"widget\" data-widget_type=\"motors-rental-reservation-info.default\">\n\t\t\t\t<div class=\"elementor-widget-container\">\n\t\t\t\t\t<div>\n\t\n<div class=\"stm_rent_order_info\">\n\t\n<div class=\"title\">\n\t<h4>Coche<\/h4>\n\t<div class=\"subtitle heading-font\">Seleccione su veh\u00edculo <\/div>\n<\/div>\n<div class=\"image image-placeholder\">\n\t<a href=\"https:\/\/prueba.volandorentcar.com\/es\/reservation\/\">\n\t\t<div class=\"placeholder\">\n\t\t\t<span class=\"plus\"><\/span>\n\t\t\t<i class=\"stm-icon-car-relic\"><\/i>\n\t\t<\/div>\n\t\t<div class=\"clearfix\"><\/div>\n\t\t<span class=\"button\">\n\t\t\tEncontrar un veh\u00edculo\t\t\t<i class=\"fas fa-arrow-right\"><\/i>\n\t\t<\/span>\n\t<\/a>\n<\/div>\n\n<!--Car rent-->\n<div class=\"stm_rent_table\">\n\t<div class=\"heading heading-font\"><h4>Tipo<\/h4><\/div>\n\t<table>\n\n\t\t<tbody>\n\t\t\t<tr>\n\t\t\t\t<td colspan=\"3\" class=\"divider\"><\/td>\n\t\t\t<\/tr>\n\t\t\t<tr>\n\t\t\t\t<td>--<\/td>\n\t\t\t\t<td>--<\/td>\n\t\t\t\t<td>--<\/td>\n\t\t\t<\/tr>\n\t\t\t<tr>\n\t\t\t\t<td colspan=\"3\" class=\"divider\"><\/td>\n\t\t\t<\/tr>\n\t\t<\/tbody>\n\t<\/table>\n<\/div>\n\n<!--Add-ons-->\n\n<div class=\"stm_rent_table\">\n\t<div class=\"heading heading-font\"><h4>Extras<\/h4><\/div>\n\t<table>\n\t\t\t\t\t<tbody>\n\t\t\t\t<tr>\n\t\t\t\t\t<td colspan=\"3\" class=\"divider\"><\/td>\n\t\t\t\t<\/tr>\n\t\t\t\t<tr>\n\t\t\t\t\t<td>--<\/td>\n\t\t\t\t\t<td>--<\/td>\n\t\t\t\t\t<td>--<\/td>\n\t\t\t\t<\/tr>\n\t\t\t\t<tr>\n\t\t\t\t\t<td colspan=\"3\" class=\"divider\"><\/td>\n\t\t\t\t<\/tr>\n\t\t\t<\/tbody>\n\t\t\t<\/table>\n\n<\/div>\n\n<div class=\"stm-rent-total heading-font\">\n\t<table>\n\t\t<tr>\n\t\t\t<td>Total estimado<\/td>\n\t\t\t<td>--<\/td>\n\t\t<\/tr>\n\t<\/table>\n<\/div>\n<\/div>\n<\/div>\n\t\t\t\t<\/div>\n\t\t\t\t<\/div>\n\t\t\t\t\t<\/div>\n\t\t<\/div>\n\t\t\t\t\t<\/div>\n\t\t<\/section>\n\t\t\t\t<\/div>","protected":false},"excerpt":{"rendered":"<p>VEHICLE ADD-ONS Loss damage waiver More information Add Lorem ipsum dolor sit amet, consectetur adipiscing elit. Cras sodales tortor est, dictum pharetra lectus facilisis vitae. Proin sodales nec neque sed posuere. Nulla facilisi. Suspendisse tincidunt quisut sagittis. Sed ullamcorper aliquet magna at accumsan. Curabitur fringilla, risus a malesuada mattis, diam quam finibus sapien, sit amet&#8230;<\/p>","protected":false},"author":1,"featured_media":0,"parent":0,"menu_order":0,"comment_status":"closed","ping_status":"closed","template":"","meta":{"_joinchat":[],"footnotes":""},"class_list":["post-9","page","type-page","status-publish","hentry"],"_links":{"self":[{"href":"https:\/\/prueba.volandorentcar.com\/es\/wp-json\/wp\/v2\/pages\/9","targetHints":{"allow":["GET"]}}],"collection":[{"href":"https:\/\/prueba.volandorentcar.com\/es\/wp-json\/wp\/v2\/pages"}],"about":[{"href":"https:\/\/prueba.volandorentcar.com\/es\/wp-json\/wp\/v2\/types\/page"}],"author":[{"embeddable":true,"href":"https:\/\/prueba.volandorentcar.com\/es\/wp-json\/wp\/v2\/users\/1"}],"replies":[{"embeddable":true,"href":"https:\/\/prueba.volandorentcar.com\/es\/wp-json\/wp\/v2\/comments?post=9"}],"version-history":[{"count":0,"href":"https:\/\/prueba.volandorentcar.com\/es\/wp-json\/wp\/v2\/pages\/9\/revisions"}],"wp:attachment":[{"href":"https:\/\/prueba.volandorentcar.com\/es\/wp-json\/wp\/v2\/media?parent=9"}],"curies":[{"name":"wp","href":"https:\/\/api.w.org\/{rel}","templated":true}]}}